{"id":1690,"date":"2020-01-20T16:37:29","date_gmt":"2020-01-20T15:37:29","guid":{"rendered":"https:\/\/www.john-lambrecht.com\/?page_id=1690"},"modified":"2022-07-26T15:36:53","modified_gmt":"2022-07-26T13:36:53","slug":"impressum","status":"publish","type":"page","link":"https:\/\/www.john-lambrecht.com\/es\/impressum\/","title":{"rendered":"Imprimir"},"content":{"rendered":"<h1>Avisos Legals<\/h1>\n<div>\n<h4 style=\"text-align: center;\"><strong>Informaci\u00f3n seg\u00fan el \u00a7 5 TMG<\/strong><\/h4>\n<p style=\"text-align: center;\">John Lambrecht<br \/>Entrenador de tenis<br \/>Carrer Cortecera 26b<br \/>07006 Palma\/Mallorca<\/p>\n<p style=\"text-align: center;\">+34 602 45 47 17<br \/>mail@john-lambrecht.com<br \/>www.john-lambrecht.com<\/p>\n<p style=\"text-align: center;\">CIF: Y7953958C<\/p>\n<h4 style=\"text-align: center;\"><strong>Seguro de responsabilidad profesional<\/strong><\/h4>\n<p style=\"text-align: center;\">Seguros Zurich<br \/>Paseo de la Castellana 81, plata 22<br \/>28046 Madrid\/Espa\u00f1a<br \/>CIF: W0072130H<\/p>\n<h4 style=\"text-align: center;\"><strong>Informaci\u00f3n jur\u00eddica sobre la utilizaci\u00f3n del sitio web<\/strong><\/h4>\n<p style=\"text-align: center;\">Al utilizar este sitio web, usted acepta las siguientes condiciones de uso. Si no est\u00e1 de acuerdo con estos t\u00e9rminos de uso, no est\u00e1 permitido utilizar este sitio web y debe dejar de utilizarlo inmediatamente.<\/p>\n<h4 style=\"text-align: center;\"><strong>Derechos de propiedad intelectual<\/strong><\/h4>\n<p style=\"text-align: center;\">Los contenidos y las obras publicadas por nosotros, as\u00ed como su disposici\u00f3n en estas p\u00e1ginas, est\u00e1n sujetos a la ley alemana de derechos de autor y otras leyes de protecci\u00f3n de la propiedad intelectual. La reproducci\u00f3n, edici\u00f3n, distribuci\u00f3n, puesta a disposici\u00f3n del p\u00fablico y cualquier tipo de utilizaci\u00f3n fuera de los l\u00edmites legales pertinentes requieren el consentimiento escrito del respectivo titular de los derechos de autor. Las descargas y copias de estas p\u00e1ginas s\u00f3lo se permiten para uso privado y no comercial. En la medida en que el contenido de este sitio no fue creado por nosotros, los derechos intelectuales de terceros deben ser observados. En particular, el contenido de terceros est\u00e1 marcado como tal. El contenido del sitio web s\u00f3lo puede utilizarse con fines informativos. En particular, el contenido del sitio web no puede utilizarse para ser combinado con otras obras, publicaciones o sitios web, independientemente de que sean de usted o de terceros.<\/p>\n<h4 style=\"text-align: center;\"><strong>Responsabilidad<\/strong><\/h4>\n<p>Compilamos el contenido de este sitio web con el mayor cuidado y nos aseguramos de que se actualice regularmente, pero no garantizamos la correcci\u00f3n, exactitud e integridad de la informaci\u00f3n de este sitio web ni que se pueda acceder a ella sin perturbaciones en ning\u00fan momento. Nuestra p\u00e1gina web contiene enlaces a p\u00e1ginas web externas de terceros, sobre cuyos contenidos no tenemos ninguna influencia. Por lo tanto, no podemos asumir ninguna responsabilidad por estos contenidos externos. El respectivo proveedor u operador de los sitios es siempre responsable del contenido de los sitios enlazados. No es razonable un control permanente del contenido de las p\u00e1ginas enlazadas sin pruebas concretas de una violaci\u00f3n de la ley. Si nos enteramos de alguna infracci\u00f3n, eliminaremos esos enlaces inmediatamente.<\/p>\n<p>Si a pesar de ello, se entera de una infracci\u00f3n de derechos de autor, por favor inf\u00f3rmenos. Eliminaremos esos contenidos inmediatamente despu\u00e9s de la notificaci\u00f3n de las infracciones.<\/p>\n<h4 style=\"text-align: center;\"><strong>Otras condiciones<\/strong><\/h4>\n<p>Si alguna de estas Condiciones de uso no es v\u00e1lida o aplicable en alguna jurisdicci\u00f3n, entonces dichas Condiciones de uso se interpretar\u00e1n en la m\u00e1xima medida permitida por la ley en dicha jurisdicci\u00f3n para lograr su intenci\u00f3n lo m\u00e1s cerca posible y las dem\u00e1s Condiciones de uso permanecer\u00e1n en pleno vigor y efecto.<\/p>\n<p>Podemos modificar estas Condiciones de uso en cualquier momento a nuestra entera discreci\u00f3n, publicando las Condiciones de uso modificadas en el sitio web. Tales cambios ser\u00e1n efectivos a partir de la fecha de su publicaci\u00f3n. Es su responsabilidad familiarizarse con cualquier cambio en estas Condiciones de Uso consultando este Sitio Web. El uso continuado del Sitio despu\u00e9s de cualquier cambio en las Condiciones de uso constituye su aceptaci\u00f3n de las Condiciones de uso modificadas.<\/p>\n<p>\u00a0<\/p>\n<\/div>\n<h2>M\u00e1s detalles<\/h2>\n<div>\n<p style=\"text-align: center;\"><strong>Concepci\u00f3n, Coordinaci\u00f3n Y Dise\u00f1o<\/strong><\/p>\n<p style=\"text-align: center;\">ONLYFORTOMORROW <br \/>Tim Neugebauer &amp; Tom Schneider <br \/><a href=\"https:\/\/www.onlyfortomorrow.com\/\" target=\"_blank\" rel=\"noopener\">www.onlyfortomorrow.com<\/a><\/p>\n<h4 style=\"text-align: center;\"><strong>Texto<\/strong><\/h4>\n<p style=\"text-align: center;\">John Lambrecht<\/p>\n<h4 style=\"text-align: center;\"><strong>Fotograf\u00eda<\/strong><\/h4>\n<p style=\"text-align: center;\">Todas las fotos son de Boris Becker <br \/><a href=\"https:\/\/www.becker-boris.de\" target=\"_blank\" rel=\"noopener\">www.becker-boris.de<\/a> <\/p>\n<p>Con la excepci\u00f3n de:<br \/>Foto de Shoiab Ahmed en Unsplash<br \/>Foto de Darko Nesic en Unsplash<br \/>Foto por microgeno en istockphoto.com<br \/>Foto de Bobex-73 en istockphoto.com<\/p>\n<p>Julio Feroz <br \/><a href=\"https:\/\/www.ferozphoto.com\" target=\"_blank\" rel=\"noopener\">www.ferozphoto.com<\/a><\/p>\n<p style=\"text-align: center;\">Todas las fotos de Street Racket por Marcel Straub<\/p>\n<h4 style=\"text-align: center;\"><strong>Realizaci\u00f3n<\/strong><\/h4>\n<p style=\"text-align: center;\">Jan-Claas Glindemann <br \/><a href=\"https:\/\/glindemann.digital\" target=\"_blank\" rel=\"noopener\">glindemann.digital<\/a><\/p>\n<p style=\"text-align: center;\">\u00a0<\/p>\n<p style=\"text-align: center;\">\u00a0<\/p>\n<\/div>\n<p><!--more--><br \/>\n<!-- {\"type\":\"layout\",\"children\":[{\"type\":\"section\",\"props\":{\"style\":\"default\",\"width\":\"default\",\"vertical_align\":\"middle\",\"title_position\":\"top-left\",\"title_rotation\":\"left\",\"title_breakpoint\":\"xl\",\"image_position\":\"center-center\"},\"children\":[{\"type\":\"row\",\"children\":[{\"type\":\"column\",\"props\":{\"image_position\":\"center-center\",\"media_overlay_gradient\":\"\",\"width_medium\":\"1-1\",\"position_sticky_breakpoint\":\"m\"},\"children\":[{\"type\":\"headline\",\"props\":{\"title_element\":\"h1\",\"text_align\":\"center\",\"content\":\"Avisos Legals\",\"class\":\"interstate_black_italic\"}},{\"type\":\"text\",\"props\":{\"margin\":\"default\",\"column_breakpoint\":\"m\",\"maxwidth\":\"2xlarge\",\"block_align\":\"center\",\"text_align\":\"center\",\"content\":\"\n\n<h4 style=\\\"text-align: center;\\\"><strong>Informaci\\u00f3n seg\\u00fan el \\u00a7 5 TMG<\\\/strong><\\\/h4>\\n\n\n<p style=\\\"text-align: center;\\\">John Lambrecht<br \\\/>Entrenador de tenis<br \\\/>Carrer Cortecera 26b<br \\\/>07006 Palma\\\/Mallorca<\\\/p>\\n\n\n<p style=\\\"text-align: center;\\\">+34 602 45 47 17<br \\\/>mail@john-lambrecht.com<br \\\/>www.john-lambrecht.com<\\\/p>\\n\n\n<p style=\\\"text-align: center;\\\">CIF: Y7953958C<\\\/p>\\n\n\n<h4 style=\\\"text-align: center;\\\"><strong>Seguro de responsabilidad profesional<\\\/strong><\\\/h4>\\n\n\n<p style=\\\"text-align: center;\\\">Seguros Zurich<br \\\/>Paseo de la Castellana 81, plata 22<br \\\/>28046 Madrid\\\/Espa\\u00f1a<br \\\/>CIF: W0072130H<\\\/p>\\n\n\n<h4 style=\\\"text-align: center;\\\"><strong>Informaci\\u00f3n jur\\u00eddica sobre la utilizaci\\u00f3n del sitio web<\\\/strong><\\\/h4>\\n\n\n<p style=\\\"text-align: center;\\\">Al utilizar este sitio web, usted acepta las siguientes condiciones de uso. Si no est\\u00e1 de acuerdo con estos t\\u00e9rminos de uso, no est\\u00e1 permitido utilizar este sitio web y debe dejar de utilizarlo inmediatamente.<\\\/p>\\n\n\n<h4 style=\\\"text-align: center;\\\"><strong>Derechos de propiedad intelectual<\\\/strong><\\\/h4>\\n\n\n<p style=\\\"text-align: center;\\\">Los contenidos y las obras publicadas por nosotros, as\\u00ed como su disposici\\u00f3n en estas p\\u00e1ginas, est\\u00e1n sujetos a la ley alemana de derechos de autor y otras leyes de protecci\\u00f3n de la propiedad intelectual. La reproducci\\u00f3n, edici\\u00f3n, distribuci\\u00f3n, puesta a disposici\\u00f3n del p\\u00fablico y cualquier tipo de utilizaci\\u00f3n fuera de los l\\u00edmites legales pertinentes requieren el consentimiento escrito del respectivo titular de los derechos de autor. Las descargas y copias de estas p\\u00e1ginas s\\u00f3lo se permiten para uso privado y no comercial. En la medida en que el contenido de este sitio no fue creado por nosotros, los derechos intelectuales de terceros deben ser observados. En particular, el contenido de terceros est\\u00e1 marcado como tal. El contenido del sitio web s\\u00f3lo puede utilizarse con fines informativos. En particular, el contenido del sitio web no puede utilizarse para ser combinado con otras obras, publicaciones o sitios web, independientemente de que sean de usted o de terceros.<\\\/p>\\n\n\n<h4 style=\\\"text-align: center;\\\"><strong>Responsabilidad<\\\/strong><\\\/h4>\\n\n\n<p>Compilamos el contenido de este sitio web con el mayor cuidado y nos aseguramos de que se actualice regularmente, pero no garantizamos la correcci\\u00f3n, exactitud e integridad de la informaci\\u00f3n de este sitio web ni que se pueda acceder a ella sin perturbaciones en ning\\u00fan momento. Nuestra p\\u00e1gina web contiene enlaces a p\\u00e1ginas web externas de terceros, sobre cuyos contenidos no tenemos ninguna influencia. Por lo tanto, no podemos asumir ninguna responsabilidad por estos contenidos externos. El respectivo proveedor u operador de los sitios es siempre responsable del contenido de los sitios enlazados. No es razonable un control permanente del contenido de las p\\u00e1ginas enlazadas sin pruebas concretas de una violaci\\u00f3n de la ley. Si nos enteramos de alguna infracci\\u00f3n, eliminaremos esos enlaces inmediatamente.<\\\/p>\\n\n\n<p>Si a pesar de ello, se entera de una infracci\\u00f3n de derechos de autor, por favor inf\\u00f3rmenos. Eliminaremos esos contenidos inmediatamente despu\\u00e9s de la notificaci\\u00f3n de las infracciones.<\\\/p>\\n\n\n<h4 style=\\\"text-align: center;\\\"><strong>Otras condiciones<\\\/strong><\\\/h4>\\n\n\n<p>Si alguna de estas Condiciones de uso no es v\\u00e1lida o aplicable en alguna jurisdicci\\u00f3n, entonces dichas Condiciones de uso se interpretar\\u00e1n en la m\\u00e1xima medida permitida por la ley en dicha jurisdicci\\u00f3n para lograr su intenci\\u00f3n lo m\\u00e1s cerca posible y las dem\\u00e1s Condiciones de uso permanecer\\u00e1n en pleno vigor y efecto.<\\\/p>\\n\n\n<p>Podemos modificar estas Condiciones de uso en cualquier momento a nuestra entera discreci\\u00f3n, publicando las Condiciones de uso modificadas en el sitio web. Tales cambios ser\\u00e1n efectivos a partir de la fecha de su publicaci\\u00f3n. Es su responsabilidad familiarizarse con cualquier cambio en estas Condiciones de Uso consultando este Sitio Web. El uso continuado del Sitio despu\\u00e9s de cualquier cambio en las Condiciones de uso constituye su aceptaci\\u00f3n de las Condiciones de uso modificadas.<\\\/p>\\n\n\n<p>\\u00a0<\\\/p>\"}},{\"type\":\"headline\",\"props\":{\"title_element\":\"h2\",\"margin\":\"xlarge\",\"text_align\":\"center\",\"content\":\"M\\u00e1s detalles\",\"margin_remove_bottom\":true,\"class\":\"interstate_black_italic\"}},{\"type\":\"text\",\"props\":{\"margin\":\"default\",\"column_breakpoint\":\"m\",\"maxwidth\":\"2xlarge\",\"block_align\":\"center\",\"text_align\":\"center\",\"content\":\"\n\n<p style=\\\"text-align: center;\\\"><strong>Concepci\\u00f3n, Coordinaci\\u00f3n Y Dise\\u00f1o<\\\/strong><\\\/p>\\n\n\n<p style=\\\"text-align: center;\\\">ONLYFORTOMORROW <br \\\/>Tim Neugebauer &amp; Tom Schneider <br \\\/><a href=\\\"https:\\\/\\\/www.onlyfortomorrow.com\\\/\\\" target=\\\"_blank\\\" rel=\\\"noopener\\\">www.onlyfortomorrow.com<\\\/a><\\\/p>\\n\n\n<h4 style=\\\"text-align: center;\\\"><strong>Texto<\\\/strong><\\\/h4>\\n\n\n<p style=\\\"text-align: center;\\\">John Lambrecht<\\\/p>\\n\n\n<h4 style=\\\"text-align: center;\\\"><strong>Fotograf\\u00eda<\\\/strong><\\\/h4>\\n\n\n<p style=\\\"text-align: center;\\\">Todas las fotos son de Boris Becker <br \\\/><a href=\\\"https:\\\/\\\/www.becker-boris.de\\\" target=\\\"_blank\\\" rel=\\\"noopener\\\">www.becker-boris.de<\\\/a> <br \\\/><br \\\/>Con la excepci\\u00f3n de:<br \\\/>Foto de Shoiab Ahmed en Unsplash<br \\\/>Foto de Darko Nesic en Unsplash<br \\\/>Foto por microgeno en istockphoto.com<br \\\/>Foto de Bobex-73 en istockphoto.com<br \\\/><br \\\/>Julio Feroz <br \\\/><a href=\\\"https:\\\/\\\/www.ferozphoto.com\\\" target=\\\"_blank\\\" rel=\\\"noopener\\\">www.ferozphoto.com<\\\/a><\\\/p>\\n\n\n<p style=\\\"text-align: center;\\\">Todas las fotos de Street Racket por Marcel Straub<\\\/p>\\n\n\n<h4 style=\\\"text-align: center;\\\"><strong>Realizaci\\u00f3n<\\\/strong><\\\/h4>\\n\n\n<p style=\\\"text-align: center;\\\">Jan-Claas Glindemann <br \\\/><a href=\\\"https:\\\/\\\/glindemann.digital\\\" target=\\\"_blank\\\" rel=\\\"noopener\\\">glindemann.digital<\\\/a><\\\/p>\\n\n\n<p style=\\\"text-align: center;\\\">\\u00a0<\\\/p>\\n\n\n<p style=\\\"text-align: center;\\\">\\u00a0<\\\/p>\"}}]}]}]}],\"version\":\"2.7.20\",\"yooessentialsVersion\":\"1.6.0\"} --><\/p>\n","protected":false},"excerpt":{"rendered":"<p>Avisos Legals Informaci\u00f3n seg\u00fan el \u00a7 5 TMG John LambrechtEntrenador de tenisCarrer Cortecera 26b07006 Palma\/Mallorca +34 602 45 47 17mail@john-lambrecht.comwww.john-lambrecht.com CIF: Y7953958C Seguro de responsabilidad profesional Seguros ZurichPaseo de la Castellana 81, plata 2228046 Madrid\/Espa\u00f1aCIF: W0072130H Informaci\u00f3n jur\u00eddica sobre la utilizaci\u00f3n del sitio web Al utilizar este sitio web, usted acepta las siguientes condiciones de [&hellip;]<\/p>\n","protected":false},"author":1,"featured_media":0,"parent":0,"menu_order":0,"comment_status":"closed","ping_status":"closed","template":"","meta":{"footnotes":""},"class_list":["post-1690","page","type-page","status-publish","hentry"],"yoast_head":"<!-- This site is optimized with the Yoast SEO plugin v27.4 - https:\/\/yoast.com\/product\/yoast-seo-wordpress\/ -->\n<title>Avisos Legals | JOHN LAMBRECHT<\/title>\n<meta name=\"description\" content=\"John Lambrecht - Entrenador de tenis - Carrer Cortecera 26b - 07006 Palma\/Mallorca - +34 602 45 47 17 - mail@john-lambrecht.com\" \/>\n<meta name=\"robots\" content=\"index, follow, max-snippet:-1, max-image-preview:large, max-video-preview:-1\" \/>\n<link rel=\"canonical\" href=\"https:\/\/www.john-lambrecht.com\/es\/impressum\/\" \/>\n<meta property=\"og:locale\" content=\"es_ES\" \/>\n<meta property=\"og:type\" content=\"article\" \/>\n<meta property=\"og:title\" content=\"Avisos Legals | JOHN LAMBRECHT\" \/>\n<meta property=\"og:description\" content=\"John Lambrecht - Entrenador de tenis - Carrer Cortecera 26b - 07006 Palma\/Mallorca - +34 602 45 47 17 - mail@john-lambrecht.com\" \/>\n<meta property=\"og:url\" content=\"https:\/\/www.john-lambrecht.com\/es\/impressum\/\" \/>\n<meta property=\"og:site_name\" content=\"JOHN LAMBRECHT\" \/>\n<meta property=\"article:publisher\" content=\"https:\/\/www.facebook.com\/TennisCoachMallorca\" \/>\n<meta property=\"article:modified_time\" content=\"2022-07-26T13:36:53+00:00\" \/>\n<meta name=\"twitter:card\" content=\"summary_large_image\" \/>\n<meta name=\"twitter:label1\" content=\"Tiempo de lectura\" \/>\n\t<meta name=\"twitter:data1\" content=\"7 minutos\" \/>\n<script type=\"application\/ld+json\" class=\"yoast-schema-graph\">{\"@context\":\"https:\\\/\\\/schema.org\",\"@graph\":[{\"@type\":\"WebPage\",\"@id\":\"https:\\\/\\\/www.john-lambrecht.com\\\/es\\\/impressum\\\/\",\"url\":\"https:\\\/\\\/www.john-lambrecht.com\\\/es\\\/impressum\\\/\",\"name\":\"Avisos Legals | JOHN LAMBRECHT\",\"isPartOf\":{\"@id\":\"https:\\\/\\\/www.john-lambrecht.com\\\/es\\\/#website\"},\"datePublished\":\"2020-01-20T15:37:29+00:00\",\"dateModified\":\"2022-07-26T13:36:53+00:00\",\"description\":\"John Lambrecht - Entrenador de tenis - Carrer Cortecera 26b - 07006 Palma\\\/Mallorca - +34 602 45 47 17 - mail@john-lambrecht.com\",\"breadcrumb\":{\"@id\":\"https:\\\/\\\/www.john-lambrecht.com\\\/es\\\/impressum\\\/#breadcrumb\"},\"inLanguage\":\"es\",\"potentialAction\":[{\"@type\":\"ReadAction\",\"target\":[\"https:\\\/\\\/www.john-lambrecht.com\\\/es\\\/impressum\\\/\"]}]},{\"@type\":\"BreadcrumbList\",\"@id\":\"https:\\\/\\\/www.john-lambrecht.com\\\/es\\\/impressum\\\/#breadcrumb\",\"itemListElement\":[{\"@type\":\"ListItem\",\"position\":1,\"name\":\"Startseite\",\"item\":\"https:\\\/\\\/www.john-lambrecht.com\\\/es\\\/\"},{\"@type\":\"ListItem\",\"position\":2,\"name\":\"Imprimir\"}]},{\"@type\":\"WebSite\",\"@id\":\"https:\\\/\\\/www.john-lambrecht.com\\\/es\\\/#website\",\"url\":\"https:\\\/\\\/www.john-lambrecht.com\\\/es\\\/\",\"name\":\"JOHN LAMBRECHT\",\"description\":\"Tennislehrer und Sport Mental Coach\",\"publisher\":{\"@id\":\"https:\\\/\\\/www.john-lambrecht.com\\\/es\\\/#organization\"},\"potentialAction\":[{\"@type\":\"SearchAction\",\"target\":{\"@type\":\"EntryPoint\",\"urlTemplate\":\"https:\\\/\\\/www.john-lambrecht.com\\\/es\\\/?s={search_term_string}\"},\"query-input\":{\"@type\":\"PropertyValueSpecification\",\"valueRequired\":true,\"valueName\":\"search_term_string\"}}],\"inLanguage\":\"es\"},{\"@type\":\"Organization\",\"@id\":\"https:\\\/\\\/www.john-lambrecht.com\\\/es\\\/#organization\",\"name\":\"John Lambrecht Tennis Coach Mallorca\",\"url\":\"https:\\\/\\\/www.john-lambrecht.com\\\/es\\\/\",\"logo\":{\"@type\":\"ImageObject\",\"inLanguage\":\"es\",\"@id\":\"https:\\\/\\\/www.john-lambrecht.com\\\/es\\\/#\\\/schema\\\/logo\\\/image\\\/\",\"url\":\"https:\\\/\\\/www.john-lambrecht.com\\\/wp-content\\\/uploads\\\/2020\\\/02\\\/apple-icon-180x180-1.png\",\"contentUrl\":\"https:\\\/\\\/www.john-lambrecht.com\\\/wp-content\\\/uploads\\\/2020\\\/02\\\/apple-icon-180x180-1.png\",\"width\":180,\"height\":180,\"caption\":\"John Lambrecht Tennis Coach Mallorca\"},\"image\":{\"@id\":\"https:\\\/\\\/www.john-lambrecht.com\\\/es\\\/#\\\/schema\\\/logo\\\/image\\\/\"},\"sameAs\":[\"https:\\\/\\\/www.facebook.com\\\/TennisCoachMallorca\",\"https:\\\/\\\/instagram.com\\\/tenniscoach_mallorca\"]}]}<\/script>\n<!-- \/ Yoast SEO plugin. -->","yoast_head_json":{"title":"Avisos Legals | JOHN LAMBRECHT","description":"John Lambrecht - Entrenador de tenis - Carrer Cortecera 26b - 07006 Palma\/Mallorca - +34 602 45 47 17 - mail@john-lambrecht.com","robots":{"index":"index","follow":"follow","max-snippet":"max-snippet:-1","max-image-preview":"max-image-preview:large","max-video-preview":"max-video-preview:-1"},"canonical":"https:\/\/www.john-lambrecht.com\/es\/impressum\/","og_locale":"es_ES","og_type":"article","og_title":"Avisos Legals | JOHN LAMBRECHT","og_description":"John Lambrecht - Entrenador de tenis - Carrer Cortecera 26b - 07006 Palma\/Mallorca - +34 602 45 47 17 - mail@john-lambrecht.com","og_url":"https:\/\/www.john-lambrecht.com\/es\/impressum\/","og_site_name":"JOHN LAMBRECHT","article_publisher":"https:\/\/www.facebook.com\/TennisCoachMallorca","article_modified_time":"2022-07-26T13:36:53+00:00","twitter_card":"summary_large_image","twitter_misc":{"Tiempo de lectura":"7 minutos"},"schema":{"@context":"https:\/\/schema.org","@graph":[{"@type":"WebPage","@id":"https:\/\/www.john-lambrecht.com\/es\/impressum\/","url":"https:\/\/www.john-lambrecht.com\/es\/impressum\/","name":"Avisos Legals | JOHN LAMBRECHT","isPartOf":{"@id":"https:\/\/www.john-lambrecht.com\/es\/#website"},"datePublished":"2020-01-20T15:37:29+00:00","dateModified":"2022-07-26T13:36:53+00:00","description":"John Lambrecht - Entrenador de tenis - Carrer Cortecera 26b - 07006 Palma\/Mallorca - +34 602 45 47 17 - mail@john-lambrecht.com","breadcrumb":{"@id":"https:\/\/www.john-lambrecht.com\/es\/impressum\/#breadcrumb"},"inLanguage":"es","potentialAction":[{"@type":"ReadAction","target":["https:\/\/www.john-lambrecht.com\/es\/impressum\/"]}]},{"@type":"BreadcrumbList","@id":"https:\/\/www.john-lambrecht.com\/es\/impressum\/#breadcrumb","itemListElement":[{"@type":"ListItem","position":1,"name":"Startseite","item":"https:\/\/www.john-lambrecht.com\/es\/"},{"@type":"ListItem","position":2,"name":"Imprimir"}]},{"@type":"WebSite","@id":"https:\/\/www.john-lambrecht.com\/es\/#website","url":"https:\/\/www.john-lambrecht.com\/es\/","name":"JOHN LAMBRECHT","description":"Tennislehrer und Sport Mental Coach","publisher":{"@id":"https:\/\/www.john-lambrecht.com\/es\/#organization"},"potentialAction":[{"@type":"SearchAction","target":{"@type":"EntryPoint","urlTemplate":"https:\/\/www.john-lambrecht.com\/es\/?s={search_term_string}"},"query-input":{"@type":"PropertyValueSpecification","valueRequired":true,"valueName":"search_term_string"}}],"inLanguage":"es"},{"@type":"Organization","@id":"https:\/\/www.john-lambrecht.com\/es\/#organization","name":"John Lambrecht Tennis Coach Mallorca","url":"https:\/\/www.john-lambrecht.com\/es\/","logo":{"@type":"ImageObject","inLanguage":"es","@id":"https:\/\/www.john-lambrecht.com\/es\/#\/schema\/logo\/image\/","url":"https:\/\/www.john-lambrecht.com\/wp-content\/uploads\/2020\/02\/apple-icon-180x180-1.png","contentUrl":"https:\/\/www.john-lambrecht.com\/wp-content\/uploads\/2020\/02\/apple-icon-180x180-1.png","width":180,"height":180,"caption":"John Lambrecht Tennis Coach Mallorca"},"image":{"@id":"https:\/\/www.john-lambrecht.com\/es\/#\/schema\/logo\/image\/"},"sameAs":["https:\/\/www.facebook.com\/TennisCoachMallorca","https:\/\/instagram.com\/tenniscoach_mallorca"]}]}},"_links":{"self":[{"href":"https:\/\/www.john-lambrecht.com\/es\/wp-json\/wp\/v2\/pages\/1690","targetHints":{"allow":["GET"]}}],"collection":[{"href":"https:\/\/www.john-lambrecht.com\/es\/wp-json\/wp\/v2\/pages"}],"about":[{"href":"https:\/\/www.john-lambrecht.com\/es\/wp-json\/wp\/v2\/types\/page"}],"author":[{"embeddable":true,"href":"https:\/\/www.john-lambrecht.com\/es\/wp-json\/wp\/v2\/users\/1"}],"replies":[{"embeddable":true,"href":"https:\/\/www.john-lambrecht.com\/es\/wp-json\/wp\/v2\/comments?post=1690"}],"version-history":[{"count":11,"href":"https:\/\/www.john-lambrecht.com\/es\/wp-json\/wp\/v2\/pages\/1690\/revisions"}],"predecessor-version":[{"id":2707,"href":"https:\/\/www.john-lambrecht.com\/es\/wp-json\/wp\/v2\/pages\/1690\/revisions\/2707"}],"wp:attachment":[{"href":"https:\/\/www.john-lambrecht.com\/es\/wp-json\/wp\/v2\/media?parent=1690"}],"curies":[{"name":"wp","href":"https:\/\/api.w.org\/{rel}","templated":true}]}}