{"id":1694,"date":"2020-01-23T12:57:35","date_gmt":"2020-01-23T11:57:35","guid":{"rendered":"https:\/\/www.john-lambrecht.com\/?page_id=1694"},"modified":"2022-12-21T12:20:07","modified_gmt":"2022-12-21T11:20:07","slug":"acerca-de-mi","status":"publish","type":"page","link":"https:\/\/www.john-lambrecht.com\/es\/acerca-de-mi\/","title":{"rendered":"Acerca de m\u00ed"},"content":{"rendered":"<h1>Acerca de m\u00ed<\/h1>\n<div>\n<p>Para m\u00ed, el tenis es uno de los deportes m\u00e1s polifac\u00e9ticos. La interacci\u00f3n entre la t\u00e9cnica, la t\u00e1ctica, el estado f\u00edsico y la fuerza mental es lo que hace que el tenis sea \u00fanico. Ambos aspectos, tales como la competici\u00f3n como atleta individual y el esp\u00edritu del equipo (liga) me atraen. Y sobre todo, me alegra mucho ver que mis estudiantes contin\u00faen desarroll\u00e1ndose.<\/p>\n<p>Por esta raz\u00f3n, he pasado miles de horas de mi vida en la pista de tenis. Esta pasi\u00f3n y fascinaci\u00f3n por este deporte la llevo conmigo mucho tiempo y me ha llevado a siempre seguir mejorando mi conocimiento y comprensi\u00f3n del deporte y todas sus dimensiones para poder ofrecer el mejor servicio como entrenador. Es mi deber ense\u00f1ar a mis estudiantes el deporte de manera simple, creativa y entretenida. En los \u00faltimos a\u00f1os, el factor mental se ha vuelto cada vez m\u00e1s importante.<\/p>\n<p>Creo que es esencial desarrollar la fuerza mental para entender y ense\u00f1ar el tenis de manera integral. Dada mi experiencia, he llegado a darme cuenta de lo importante que es el \u201cpoder del pensamiento\u201d tanto en la vida cotidiana como en el deporte. Al mejorar mi fuerza mental y mi capacidad de rendir al m\u00e1ximo bajo presi\u00f3n, he podido llevar mi rendimiento deportivo a un nivel superior.<\/p>\n<p>Soy un instructor de tenis cualificado (licencia B), entrenador de fitness (licencia A) y he completado un aprendizaje de dos a\u00f1os como entrenador mental deportivo. Antes de mi emigraci\u00f3n a Mallorca (2020) fui campe\u00f3n de Berl\u00edn\/Brandenburgo y estuve entre los primeros 30 del ranking alem\u00e1n (AK 40).<\/p>\n<p>Ahora me gustar\u00eda apoyarte para que alcances tu pr\u00f3ximo nivel en la pista de tenis &#8211; ya seas un principiante o un jugador ambicioso y competitivo.<\/p>\n<p><a class=\"el-content uk-width-1-1 uk-button uk-button-primary\" href=\"https:\/\/www.john-lambrecht.com\/es\/contacto\/\"> CONTACTO <\/a><\/p>\n<\/div>\n<p><!--more--><br \/>\n<!-- {\"type\":\"layout\",\"children\":[{\"type\":\"section\",\"props\":{\"id\":\"ueber_mich\",\"image\":\"\",\"image_position\":\"center-center\",\"padding_remove_bottom\":false,\"padding_remove_top\":false,\"style\":\"default\",\"title_breakpoint\":\"xl\",\"title_position\":\"top-left\",\"title_rotation\":\"left\",\"vertical_align\":\"middle\",\"width\":\"\"},\"children\":[{\"type\":\"row\",\"props\":{\"column_gap\":\"large\",\"height\":\"full\",\"id\":\"beginners\",\"layout\":\"1-2,1-2\"},\"children\":[{\"type\":\"column\",\"props\":{\"css\":\".el-column { min-height: 350px; }\",\"image\":\"wp-content\\\/uploads\\\/2020\\\/06\\\/john-lambrecht_ueber-mich_2000x1600px.jpg\",\"image_loading\":true,\"image_position\":\"center-center\",\"image_size\":\"cover\",\"image_width\":\"1280\",\"media_overlay_gradient\":\"\",\"position_sticky_breakpoint\":\"m\",\"vertical_align\":\"middle\",\"width_medium\":\"1-2\"},\"children\":[]},{\"type\":\"column\",\"props\":{\"image\":\"\",\"image_position\":\"center-center\",\"media_overlay_gradient\":\"\",\"order_first\":\"m\",\"padding\":\"small\",\"position_sticky_breakpoint\":\"m\",\"style\":\"default\",\"vertical_align\":\"middle\",\"width_medium\":\"1-2\"},\"children\":[{\"type\":\"headline\",\"props\":{\"block_align\":\"center\",\"block_align_breakpoint\":\"m\",\"block_align_fallback\":\"center\",\"class\":\"interstate_black_italic\",\"content\":\"Acerca de m\\u00ed\",\"maxwidth\":\"large\",\"title_element\":\"h1\"}},{\"type\":\"text\",\"props\":{\"block_align\":\"center\",\"column_breakpoint\":\"m\",\"content\":\"\n\n<p>Para m\\u00ed, el tenis es uno de los deportes m\\u00e1s polifac\\u00e9ticos. La interacci\\u00f3n entre la t\\u00e9cnica, la t\\u00e1ctica, el estado f\\u00edsico y la fuerza mental es lo que hace que el tenis sea \\u00fanico. Ambos aspectos, tales como la competici\\u00f3n como atleta individual y el esp\\u00edritu del equipo (liga) me atraen. Y sobre todo, me alegra mucho ver que mis estudiantes contin\\u00faen desarroll\\u00e1ndose.<br \\\/><br \\\/>Por esta raz\\u00f3n, he pasado miles de horas de mi vida en la pista de tenis. Esta pasi\\u00f3n y fascinaci\\u00f3n por este deporte la llevo conmigo mucho tiempo y me ha llevado a siempre seguir mejorando mi conocimiento y comprensi\\u00f3n del deporte y todas sus dimensiones para poder ofrecer el mejor servicio como entrenador. Es mi deber ense\\u00f1ar a mis estudiantes el deporte de manera simple, creativa y entretenida. En los \\u00faltimos a\\u00f1os, el factor mental se ha vuelto cada vez m\\u00e1s importante.<br \\\/><br \\\/>Creo que es esencial desarrollar la fuerza mental para entender y ense\\u00f1ar el tenis de manera integral. Dada mi experiencia, he llegado a darme cuenta de lo importante que es el \\u201cpoder del pensamiento\\u201d tanto en la vida cotidiana como en el deporte. Al mejorar mi fuerza mental y mi capacidad de rendir al m\\u00e1ximo bajo presi\\u00f3n, he podido llevar mi rendimiento deportivo a un nivel superior.<br \\\/><br \\\/>Soy un instructor de tenis cualificado (licencia B), entrenador de fitness (licencia A) y he completado un aprendizaje de dos a\\u00f1os como entrenador mental deportivo. Antes de mi emigraci\\u00f3n a Mallorca (2020) fui campe\\u00f3n de Berl\\u00edn\\\/Brandenburgo y estuve entre los primeros 30 del ranking alem\\u00e1n (AK 40).<br \\\/><br \\\/>Ahora me gustar\\u00eda apoyarte para que alcances tu pr\\u00f3ximo nivel en la pista de tenis - ya seas un principiante o un jugador ambicioso y competitivo.<\\\/p>\\n\n\n<p><br \\\/><a class=\\\"el-content uk-width-1-1 uk-button uk-button-primary\\\" href=\\\"https:\\\/\\\/www.john-lambrecht.com\\\/es\\\/contacto\\\/\\\"> CONTACTO <\\\/a><\\\/p>\",\"margin\":\"default\",\"maxwidth\":\"large\"}}]}]}],\"name\":\"\\u00fcber mich\"}],\"version\":\"3.0.18\",\"yooessentialsVersion\":\"1.8.14\"} --><\/p>\n","protected":false},"excerpt":{"rendered":"<p>Acerca de m\u00ed Para m\u00ed, el tenis es uno de los deportes m\u00e1s polifac\u00e9ticos. La interacci\u00f3n entre la t\u00e9cnica, la t\u00e1ctica, el estado f\u00edsico y la fuerza mental es lo que hace que el tenis sea \u00fanico. Ambos aspectos, tales como la competici\u00f3n como atleta individual y el esp\u00edritu del equipo (liga) me atraen. Y [&hellip;]<\/p>\n","protected":false},"author":1,"featured_media":0,"parent":0,"menu_order":0,"comment_status":"closed","ping_status":"closed","template":"","meta":{"footnotes":""},"class_list":["post-1694","page","type-page","status-publish","hentry"],"yoast_head":"<!-- This site is optimized with the Yoast SEO plugin v27.5 - https:\/\/yoast.com\/product\/yoast-seo-wordpress\/ -->\n<title>Instructor de tenis | JOHN LAMBRECHT<\/title>\n<meta name=\"description\" content=\"Soy un instructor de tenis cualificado (licencia B), entrenador de fitness (licencia A) y he completado un aprendizaje de dos a\u00f1os como entrenador mental deportivo.\" \/>\n<meta name=\"robots\" content=\"index, follow, max-snippet:-1, max-image-preview:large, max-video-preview:-1\" \/>\n<link rel=\"canonical\" href=\"https:\/\/www.john-lambrecht.com\/es\/acerca-de-mi\/\" \/>\n<meta property=\"og:locale\" content=\"es_ES\" \/>\n<meta property=\"og:type\" content=\"article\" \/>\n<meta property=\"og:title\" content=\"Instructor de tenis | JOHN LAMBRECHT\" \/>\n<meta property=\"og:description\" content=\"Soy un instructor de tenis cualificado (licencia B), entrenador de fitness (licencia A) y he completado un aprendizaje de dos a\u00f1os como entrenador mental deportivo.\" \/>\n<meta property=\"og:url\" content=\"https:\/\/www.john-lambrecht.com\/es\/acerca-de-mi\/\" \/>\n<meta property=\"og:site_name\" content=\"JOHN LAMBRECHT\" \/>\n<meta property=\"article:publisher\" content=\"https:\/\/www.facebook.com\/TennisCoachMallorca\" \/>\n<meta property=\"article:modified_time\" content=\"2022-12-21T11:20:07+00:00\" \/>\n<meta name=\"twitter:card\" content=\"summary_large_image\" \/>\n<meta name=\"twitter:label1\" content=\"Tiempo de lectura\" \/>\n\t<meta name=\"twitter:data1\" content=\"4 minutos\" \/>\n<script type=\"application\/ld+json\" class=\"yoast-schema-graph\">{\"@context\":\"https:\\\/\\\/schema.org\",\"@graph\":[{\"@type\":\"WebPage\",\"@id\":\"https:\\\/\\\/www.john-lambrecht.com\\\/es\\\/acerca-de-mi\\\/\",\"url\":\"https:\\\/\\\/www.john-lambrecht.com\\\/es\\\/acerca-de-mi\\\/\",\"name\":\"Instructor de tenis | JOHN LAMBRECHT\",\"isPartOf\":{\"@id\":\"https:\\\/\\\/www.john-lambrecht.com\\\/es\\\/#website\"},\"datePublished\":\"2020-01-23T11:57:35+00:00\",\"dateModified\":\"2022-12-21T11:20:07+00:00\",\"description\":\"Soy un instructor de tenis cualificado (licencia B), entrenador de fitness (licencia A) y he completado un aprendizaje de dos a\u00f1os como entrenador mental deportivo.\",\"breadcrumb\":{\"@id\":\"https:\\\/\\\/www.john-lambrecht.com\\\/es\\\/acerca-de-mi\\\/#breadcrumb\"},\"inLanguage\":\"es\",\"potentialAction\":[{\"@type\":\"ReadAction\",\"target\":[\"https:\\\/\\\/www.john-lambrecht.com\\\/es\\\/acerca-de-mi\\\/\"]}]},{\"@type\":\"BreadcrumbList\",\"@id\":\"https:\\\/\\\/www.john-lambrecht.com\\\/es\\\/acerca-de-mi\\\/#breadcrumb\",\"itemListElement\":[{\"@type\":\"ListItem\",\"position\":1,\"name\":\"Startseite\",\"item\":\"https:\\\/\\\/www.john-lambrecht.com\\\/es\\\/\"},{\"@type\":\"ListItem\",\"position\":2,\"name\":\"Acerca de m\u00ed\"}]},{\"@type\":\"WebSite\",\"@id\":\"https:\\\/\\\/www.john-lambrecht.com\\\/es\\\/#website\",\"url\":\"https:\\\/\\\/www.john-lambrecht.com\\\/es\\\/\",\"name\":\"JOHN LAMBRECHT\",\"description\":\"Tennislehrer und Sport Mental Coach\",\"publisher\":{\"@id\":\"https:\\\/\\\/www.john-lambrecht.com\\\/es\\\/#organization\"},\"potentialAction\":[{\"@type\":\"SearchAction\",\"target\":{\"@type\":\"EntryPoint\",\"urlTemplate\":\"https:\\\/\\\/www.john-lambrecht.com\\\/es\\\/?s={search_term_string}\"},\"query-input\":{\"@type\":\"PropertyValueSpecification\",\"valueRequired\":true,\"valueName\":\"search_term_string\"}}],\"inLanguage\":\"es\"},{\"@type\":\"Organization\",\"@id\":\"https:\\\/\\\/www.john-lambrecht.com\\\/es\\\/#organization\",\"name\":\"John Lambrecht Tennis Coach Mallorca\",\"url\":\"https:\\\/\\\/www.john-lambrecht.com\\\/es\\\/\",\"logo\":{\"@type\":\"ImageObject\",\"inLanguage\":\"es\",\"@id\":\"https:\\\/\\\/www.john-lambrecht.com\\\/es\\\/#\\\/schema\\\/logo\\\/image\\\/\",\"url\":\"https:\\\/\\\/www.john-lambrecht.com\\\/wp-content\\\/uploads\\\/2020\\\/02\\\/apple-icon-180x180-1.png\",\"contentUrl\":\"https:\\\/\\\/www.john-lambrecht.com\\\/wp-content\\\/uploads\\\/2020\\\/02\\\/apple-icon-180x180-1.png\",\"width\":180,\"height\":180,\"caption\":\"John Lambrecht Tennis Coach Mallorca\"},\"image\":{\"@id\":\"https:\\\/\\\/www.john-lambrecht.com\\\/es\\\/#\\\/schema\\\/logo\\\/image\\\/\"},\"sameAs\":[\"https:\\\/\\\/www.facebook.com\\\/TennisCoachMallorca\",\"https:\\\/\\\/instagram.com\\\/tenniscoach_mallorca\"]}]}<\/script>\n<!-- \/ Yoast SEO plugin. -->","yoast_head_json":{"title":"Instructor de tenis | JOHN LAMBRECHT","description":"Soy un instructor de tenis cualificado (licencia B), entrenador de fitness (licencia A) y he completado un aprendizaje de dos a\u00f1os como entrenador mental deportivo.","robots":{"index":"index","follow":"follow","max-snippet":"max-snippet:-1","max-image-preview":"max-image-preview:large","max-video-preview":"max-video-preview:-1"},"canonical":"https:\/\/www.john-lambrecht.com\/es\/acerca-de-mi\/","og_locale":"es_ES","og_type":"article","og_title":"Instructor de tenis | JOHN LAMBRECHT","og_description":"Soy un instructor de tenis cualificado (licencia B), entrenador de fitness (licencia A) y he completado un aprendizaje de dos a\u00f1os como entrenador mental deportivo.","og_url":"https:\/\/www.john-lambrecht.com\/es\/acerca-de-mi\/","og_site_name":"JOHN LAMBRECHT","article_publisher":"https:\/\/www.facebook.com\/TennisCoachMallorca","article_modified_time":"2022-12-21T11:20:07+00:00","twitter_card":"summary_large_image","twitter_misc":{"Tiempo de lectura":"4 minutos"},"schema":{"@context":"https:\/\/schema.org","@graph":[{"@type":"WebPage","@id":"https:\/\/www.john-lambrecht.com\/es\/acerca-de-mi\/","url":"https:\/\/www.john-lambrecht.com\/es\/acerca-de-mi\/","name":"Instructor de tenis | JOHN LAMBRECHT","isPartOf":{"@id":"https:\/\/www.john-lambrecht.com\/es\/#website"},"datePublished":"2020-01-23T11:57:35+00:00","dateModified":"2022-12-21T11:20:07+00:00","description":"Soy un instructor de tenis cualificado (licencia B), entrenador de fitness (licencia A) y he completado un aprendizaje de dos a\u00f1os como entrenador mental deportivo.","breadcrumb":{"@id":"https:\/\/www.john-lambrecht.com\/es\/acerca-de-mi\/#breadcrumb"},"inLanguage":"es","potentialAction":[{"@type":"ReadAction","target":["https:\/\/www.john-lambrecht.com\/es\/acerca-de-mi\/"]}]},{"@type":"BreadcrumbList","@id":"https:\/\/www.john-lambrecht.com\/es\/acerca-de-mi\/#breadcrumb","itemListElement":[{"@type":"ListItem","position":1,"name":"Startseite","item":"https:\/\/www.john-lambrecht.com\/es\/"},{"@type":"ListItem","position":2,"name":"Acerca de m\u00ed"}]},{"@type":"WebSite","@id":"https:\/\/www.john-lambrecht.com\/es\/#website","url":"https:\/\/www.john-lambrecht.com\/es\/","name":"JOHN LAMBRECHT","description":"Tennislehrer und Sport Mental Coach","publisher":{"@id":"https:\/\/www.john-lambrecht.com\/es\/#organization"},"potentialAction":[{"@type":"SearchAction","target":{"@type":"EntryPoint","urlTemplate":"https:\/\/www.john-lambrecht.com\/es\/?s={search_term_string}"},"query-input":{"@type":"PropertyValueSpecification","valueRequired":true,"valueName":"search_term_string"}}],"inLanguage":"es"},{"@type":"Organization","@id":"https:\/\/www.john-lambrecht.com\/es\/#organization","name":"John Lambrecht Tennis Coach Mallorca","url":"https:\/\/www.john-lambrecht.com\/es\/","logo":{"@type":"ImageObject","inLanguage":"es","@id":"https:\/\/www.john-lambrecht.com\/es\/#\/schema\/logo\/image\/","url":"https:\/\/www.john-lambrecht.com\/wp-content\/uploads\/2020\/02\/apple-icon-180x180-1.png","contentUrl":"https:\/\/www.john-lambrecht.com\/wp-content\/uploads\/2020\/02\/apple-icon-180x180-1.png","width":180,"height":180,"caption":"John Lambrecht Tennis Coach Mallorca"},"image":{"@id":"https:\/\/www.john-lambrecht.com\/es\/#\/schema\/logo\/image\/"},"sameAs":["https:\/\/www.facebook.com\/TennisCoachMallorca","https:\/\/instagram.com\/tenniscoach_mallorca"]}]}},"_links":{"self":[{"href":"https:\/\/www.john-lambrecht.com\/es\/wp-json\/wp\/v2\/pages\/1694","targetHints":{"allow":["GET"]}}],"collection":[{"href":"https:\/\/www.john-lambrecht.com\/es\/wp-json\/wp\/v2\/pages"}],"about":[{"href":"https:\/\/www.john-lambrecht.com\/es\/wp-json\/wp\/v2\/types\/page"}],"author":[{"embeddable":true,"href":"https:\/\/www.john-lambrecht.com\/es\/wp-json\/wp\/v2\/users\/1"}],"replies":[{"embeddable":true,"href":"https:\/\/www.john-lambrecht.com\/es\/wp-json\/wp\/v2\/comments?post=1694"}],"version-history":[{"count":9,"href":"https:\/\/www.john-lambrecht.com\/es\/wp-json\/wp\/v2\/pages\/1694\/revisions"}],"predecessor-version":[{"id":2991,"href":"https:\/\/www.john-lambrecht.com\/es\/wp-json\/wp\/v2\/pages\/1694\/revisions\/2991"}],"wp:attachment":[{"href":"https:\/\/www.john-lambrecht.com\/es\/wp-json\/wp\/v2\/media?parent=1694"}],"curies":[{"name":"wp","href":"https:\/\/api.w.org\/{rel}","templated":true}]}}