{"id":1698,"date":"2019-12-17T12:10:51","date_gmt":"2019-12-17T11:10:51","guid":{"rendered":"https:\/\/www.john-lambrecht.com\/?page_id=1698"},"modified":"2022-12-21T12:19:52","modified_gmt":"2022-12-21T11:19:52","slug":"exclusive-trainer-homepage","status":"publish","type":"page","link":"https:\/\/www.john-lambrecht.com\/es\/","title":{"rendered":"John Lambrecht Professora de tenis Mallorca &#8211; Homepage"},"content":{"rendered":"<h1>John Lambrecht \u2013<br \/>Tu instructor de tenis <br \/>en Mallorca<\/h1>\n<table>\n<tbody>\n<tr>\n<td>\n<p>Me alegra que te interese el tenis. Te invito a la pista y d\u00e9jame ayudarte a conocer este fascinante deporte y que logres familiarizarte con todas sus facetas. Ya seas un principiante curioso, un deportista aficionado o un ambicioso jugador\/a de torneos, juntos podremos llevar tu juego de tenis a otro nivel.<\/p>\n<\/td>\n<\/tr>\n<tr>\n<td>\n<p>\u00a0<\/p>\n<p><a class=\"el-content uk-width-1-1 uk-button uk-button-primary\" href=\"https:\/\/www.john-lambrecht.com\/es\/contacto\/\"> CONTACTO <\/a><\/p>\n<\/td>\n<\/tr>\n<\/tbody>\n<\/table>\n<h2>\n<p><strong>Entrenamiento <br \/>de tenis hol\u00edstico<\/strong><\/p>\n<\/h2>\n<table>\n<tbody>\n<tr>\n<td>\n<p>Conmigo no tendr\u00e1s un entrenamiento ordinario de tenis. Trabajo con un enfoque hol\u00edstico para que te puedas beneficiar de las clases en todos los niveles posibles. Con pasi\u00f3n y creatividad, el enfoque del entrenamiento es literalmente un \u201cdesarrollo l\u00fadico\u201d.<\/p>\n<p>Adem\u00e1s de mejorar tu t\u00e9cnica de tenis, tambi\u00e9n me gustar\u00eda entrenar tu comprensi\u00f3n t\u00e1ctica, la cual incluye fuerza mental. Adicionalmente, en mis entrenamientos incorporo ejercicios espec\u00edficos de tenis para mejorar tu estado f\u00edsico. Un buen estado f\u00edsico es un requisito b\u00e1sico para que puedas entrenar durante largo tiempo y sobre todo sin molestias.<\/p>\n<\/td>\n<\/tr>\n<\/tbody>\n<\/table>\n<h2>\n<p><strong>Tu clase de tenis<\/strong><\/p>\n<\/h2>\n<h3>\n<p>\u00a1La diversi\u00f3n en primer lugar! Con curiosidad y dedicaci\u00f3n, el progreso est\u00e1 asegurado.<\/p>\n<\/h3>\n<ul>\n<li>\n<h2>01<\/h2>\n<div>\n<h2 class=\"interstate_black_italic\"><em><strong>Entrenamiento de tenis<\/strong><\/em><\/h2>\n<p>Cada sesi\u00f3n de tenis empieza con un buen calentamiento. No solo pones tus m\u00fasculos en modo deportivo, sino tu mente tambi\u00e9n. Con diversi\u00f3n y pasi\u00f3n mejoraremos tu juego de tenis. Los interminables \u201cejercicios de canasta\u201d ser\u00e1n tan pocos como las constantes correcciones de t\u00e9cnica. Conmigo lograr\u00e1s el progreso a trav\u00e9s de un proceso de aprendizaje natural. El objetivo es encontrar tu \u201cswing\u201d individual y as\u00ed desarrollar la mejor t\u00e9cnica adaptada a tus habilidades.<\/p>\n<\/div>\n<\/li>\n<li>\n<h2>02<\/h2>\n<div>\n<h2 class=\"interstate_black_italic\"><em><strong>Entrenamiento mental<\/strong><\/em><\/h2>\n<p>A trav\u00e9s de varios m\u00e9todos aprender\u00e1s a dar lo mejor de ti en tenis. Visualizar golpes, regular emociones y concentrarse en la pelota son habilidades que te dar\u00e1n una gran ventaja en momentos decisivos. Adem\u00e1s, aprender\u00e1s sobre la fina t\u00e1ctica del tenis. Con conocimiento de plan de partidos, porcentajes de tenis y posiciones en la pista, aumentar\u00e1s tus posibilidades de ganar partidos re\u00f1idos.<\/p>\n<\/div>\n<\/li>\n<li>\n<h2>03<\/h2>\n<div>\n<h2 class=\"interstate_black_italic\"><strong><em>Entrenamiento f\u00edsico<\/em><\/strong><\/h2>\n<p>Cuanto mejores sean tus habilidades f\u00edsicas, m\u00e1s se beneficiar\u00e1 tu juego de tenis. El tenis es un deporte que involucra el cuerpo entero y los movimientos son extremadamente variados y exigentes. A trav\u00e9s de ejercicios creativos te familiarizar\u00e1s con los diversos tipos de movimiento en las pista y as\u00ed mejorar\u00e1s adicionalmente tu velocidad, agilidad, condici\u00f3n y coordinaci\u00f3n.<\/p>\n<\/div>\n<\/li>\n<\/ul>\n<p><!--more--><br \/>\n<!-- {\"name\":\"Lessons\",\"type\":\"layout\",\"children\":[{\"type\":\"section\",\"props\":{\"header_transparent\":\"light\",\"height\":\"percent\",\"image\":\"wp-content\\\/uploads\\\/2020\\\/06\\\/john-lambrecht_home_header_1920x1080px.jpg\",\"image_effect\":\"parallax\",\"image_parallax_easing\":\"1\",\"image_position\":\"top-center\",\"image_size\":\"cover\",\"padding\":\"xlarge\",\"status\":\"disabled\",\"style\":\"default\",\"text_color\":\"light\",\"title_breakpoint\":\"xl\",\"title_position\":\"top-left\",\"title_rotation\":\"left\",\"vertical_align\":\"bottom\",\"width\":\"default\"},\"children\":[{\"type\":\"row\",\"props\":{\"height\":\"percent\"},\"children\":[{\"type\":\"column\",\"props\":{\"image_position\":\"center-center\",\"media_overlay_gradient\":\"\",\"position_sticky_breakpoint\":\"m\"},\"children\":[]}]}],\"name\":\"home header\"},{\"type\":\"section\",\"props\":{\"height\":\"full\",\"image_position\":\"center-center\",\"padding_remove_bottom\":false,\"padding_remove_top\":false,\"style\":\"default\",\"title_breakpoint\":\"xl\",\"title_position\":\"top-left\",\"title_rotation\":\"left\",\"vertical_align\":\"\",\"width\":\"\",\"width_expand\":\"left\"},\"children\":[{\"type\":\"row\",\"props\":{\"class\":\"\",\"column_gap\":\"collapse\",\"height\":\"full\",\"id\":\"beginners\",\"layout\":\"1-2,1-2\",\"match\":false,\"row_gap\":\"collapse\",\"width_expand\":\"left\"},\"children\":[{\"type\":\"column\",\"props\":{\"css\":\".el-column { min-height: 350px; }\",\"image\":\"wp-content\\\/uploads\\\/2020\\\/06\\\/john-lambrecht_home_dein-tennistrainer_2000x1600px.jpg\",\"image_loading\":true,\"image_position\":\"center-center\",\"image_size\":\"cover\",\"image_width\":\"1280\",\"media_overlay_gradient\":\"\",\"position_sticky_breakpoint\":\"m\",\"width_medium\":\"1-2\"},\"children\":[]},{\"type\":\"column\",\"props\":{\"image_position\":\"center-center\",\"media_overlay_gradient\":\"\",\"position_sticky_breakpoint\":\"m\",\"style\":\"default\",\"vertical_align\":\"middle\",\"width_medium\":\"1-2\"},\"children\":[{\"type\":\"headline\",\"props\":{\"animation\":\"none\",\"block_align\":\"center\",\"class\":\"interstate_black_italic\",\"content\":\"John Lambrecht \\u2013<br \\\/>Tu instructor de tenis <br \\\/>en Mallorca\",\"margin\":\"medium\",\"maxwidth\":\"xlarge\",\"title_element\":\"h1\"}},{\"type\":\"table\",\"props\":{\"block_align\":\"center\",\"image_svg_color\":\"emphasis\",\"image_svg_inline\":true,\"link_style\":\"default\",\"link_text\":\"Read more\",\"margin\":\"medium\",\"maxwidth\":\"xlarge\",\"meta_style\":\"\",\"show_content\":true,\"show_image\":true,\"show_link\":true,\"show_meta\":true,\"show_title\":true,\"table_hover\":false,\"table_justify\":true,\"table_last_align\":\"\",\"table_order\":\"2\",\"table_responsive\":\"overflow\",\"table_size\":\"\",\"table_style\":\"\",\"table_vertical_align\":false,\"table_width_content\":\"\",\"table_width_meta\":\"shrink\",\"table_width_title\":\"shrink\",\"title_style\":\"h6\"},\"children\":[{\"type\":\"table_item\",\"props\":{\"content\":\"\n\n<p>Me alegra que te interese el tenis. Te invito a la pista y d\\u00e9jame ayudarte a conocer este fascinante deporte y que logres familiarizarte con todas sus facetas. Ya seas un principiante curioso, un deportista aficionado o un ambicioso jugador\\\/a de torneos, juntos podremos llevar tu juego de tenis a otro nivel.<\\\/p>\",\"image\":\"\",\"meta\":\"\",\"title\":\"\"}},{\"type\":\"table_item\",\"props\":{\"content\":\"\n\n<p>\\u00a0<\\\/p>\\n\n\n<p><a class=\\\"el-content uk-width-1-1 uk-button uk-button-primary\\\" href=\\\"https:\\\/\\\/www.john-lambrecht.com\\\/es\\\/contacto\\\/\\\"> CONTACTO <\\\/a><\\\/p>\"}}]}]}]},{\"type\":\"row\",\"props\":{\"column_gap\":\"collapse\",\"height\":\"full\",\"id\":\"advanced\",\"layout\":\"1-2,1-2\",\"margin\":\"remove-vertical\",\"match\":false,\"row_gap\":\"collapse\",\"width_expand\":\"left\"},\"children\":[{\"type\":\"column\",\"props\":{\"css\":\".el-column { min-height: 350px; }\",\"image\":\"wp-content\\\/uploads\\\/2020\\\/02\\\/john-lambrecht_start_tennistraining_1600x2000px.jpg\",\"image_position\":\"center-center\",\"image_size\":\"cover\",\"image_width\":\"1280\",\"media_overlay_gradient\":\"\",\"position_sticky_breakpoint\":\"m\",\"width_medium\":\"1-2\"},\"children\":[]},{\"type\":\"column\",\"props\":{\"image_position\":\"center-center\",\"media_overlay_gradient\":\"\",\"order_first\":\"m\",\"padding\":\"large\",\"position_sticky_breakpoint\":\"m\",\"style\":\"default\",\"vertical_align\":\"middle\",\"width_medium\":\"1-2\"},\"children\":[{\"type\":\"headline\",\"props\":{\"block_align\":\"center\",\"class\":\"interstate_black_italic\",\"content\":\"\n\n<p><strong>Entrenamiento <br \\\/>de tenis hol\\u00edstico<\\\/strong><\\\/p>\",\"margin\":\"medium\",\"maxwidth\":\"large\",\"title_element\":\"h2\"}},{\"type\":\"table\",\"props\":{\"block_align\":\"center\",\"image_svg_color\":\"emphasis\",\"image_svg_inline\":true,\"link_style\":\"default\",\"link_text\":\"Read more\",\"maxwidth\":\"large\",\"meta_style\":\"\",\"show_content\":true,\"show_image\":true,\"show_link\":true,\"show_meta\":true,\"show_title\":true,\"table_head_image\":\"\",\"table_hover\":false,\"table_justify\":true,\"table_last_align\":\"\",\"table_order\":\"2\",\"table_responsive\":\"overflow\",\"table_size\":\"\",\"table_style\":\"\",\"table_vertical_align\":false,\"table_width_content\":\"\",\"table_width_meta\":\"shrink\",\"table_width_title\":\"shrink\",\"title_style\":\"h6\"},\"children\":[{\"type\":\"table_item\",\"props\":{\"content\":\"\n\n<p>Conmigo no tendr\\u00e1s un entrenamiento ordinario de tenis. Trabajo con un enfoque hol\\u00edstico para que te puedas beneficiar de las clases en todos los niveles posibles. Con pasi\\u00f3n y creatividad, el enfoque del entrenamiento es literalmente un \\u201cdesarrollo l\\u00fadico\\u201d.<\\\/p>\\n\n\n<p>Adem\\u00e1s de mejorar tu t\\u00e9cnica de tenis, tambi\\u00e9n me gustar\\u00eda entrenar tu comprensi\\u00f3n t\\u00e1ctica, la cual incluye fuerza mental. Adicionalmente, en mis entrenamientos incorporo ejercicios espec\\u00edficos de tenis para mejorar tu estado f\\u00edsico. Un buen estado f\\u00edsico es un requisito b\\u00e1sico para que puedas entrenar durante largo tiempo y sobre todo sin molestias.<\\\/p>\",\"image\":\"\",\"meta\":\"\",\"title\":\"\"}}]}]}]}],\"name\":\"Lessons\"},{\"type\":\"section\",\"props\":{\"image_position\":\"center-center\",\"padding_remove_bottom\":false,\"padding_remove_top\":false,\"style\":\"default\",\"title_breakpoint\":\"xl\",\"title_position\":\"top-left\",\"title_rotation\":\"left\",\"vertical_align\":\"middle\",\"width\":\"default\"},\"children\":[{\"type\":\"row\",\"props\":{\"row_gap\":\"collapse\"},\"children\":[{\"type\":\"column\",\"props\":{\"image_position\":\"center-center\",\"media_overlay_gradient\":\"\",\"position_sticky_breakpoint\":\"m\",\"width_medium\":\"1-1\"},\"children\":[{\"type\":\"headline\",\"props\":{\"class\":\"interstate_bold_italic\",\"content\":\"\n\n<p><strong>Tu clase de tenis<\\\/strong><\\\/p>\",\"margin\":\"xlarge\",\"margin_remove_bottom\":true,\"text_align\":\"center\",\"title_element\":\"h2\",\"title_font_family\":\"default\",\"title_style\":\"h2\"}},{\"type\":\"headline\",\"props\":{\"class\":\"interstate_bold_italic\",\"content\":\"\n\n<p>\\u00a1La diversi\\u00f3n en primer lugar! Con curiosidad y dedicaci\\u00f3n, el progreso est\\u00e1 asegurado.<\\\/p>\",\"margin\":\"xlarge\",\"margin_remove_top\":true,\"text_align\":\"center\",\"title_element\":\"h3\",\"title_font_family\":\"default\",\"title_style\":\"h3\"}},{\"type\":\"grid\",\"props\":{\"class\":\"roboto_red\",\"content_column_breakpoint\":\"m\",\"filter_align\":\"left\",\"filter_all\":true,\"filter_grid_breakpoint\":\"m\",\"filter_grid_width\":\"auto\",\"filter_position\":\"top\",\"filter_style\":\"tab\",\"grid_default\":\"1\",\"grid_medium\":\"3\",\"icon_ratio\":\"\",\"icon_width\":80,\"image_align\":\"left\",\"image_grid_breakpoint\":\"m\",\"image_grid_width\":\"1-2\",\"image_svg_color\":\"primary\",\"image_svg_inline\":false,\"item_animation\":true,\"lightbox\":false,\"link_style\":\"default\",\"link_text\":\"Read more\",\"margin\":\"large\",\"meta_align\":\"below-title\",\"meta_element\":\"div\",\"meta_style\":\"text-meta\",\"panel_padding\":\"default\",\"panel_style\":\"card-secondary\",\"parallax_easing\":\"1\",\"show_content\":true,\"show_image\":true,\"show_link\":true,\"show_meta\":true,\"show_title\":true,\"text_align\":\"left\",\"title_align\":\"top\",\"title_element\":\"h2\",\"title_grid_breakpoint\":\"m\",\"title_grid_width\":\"1-2\",\"title_hover_style\":\"reset\",\"title_style\":\"h5\"},\"children\":[{\"type\":\"grid_item\",\"props\":{\"content\":\"\n\n<h2 class=\\\"interstate_black_italic\\\"><em><strong>Entrenamiento de tenis<\\\/strong><\\\/em><\\\/h2>\\n\n\n<p>Cada sesi\\u00f3n de tenis empieza con un buen calentamiento. No solo pones tus m\\u00fasculos en modo deportivo, sino tu mente tambi\\u00e9n. Con diversi\\u00f3n y pasi\\u00f3n mejoraremos tu juego de tenis. Los interminables \\u201cejercicios de canasta\\u201d ser\\u00e1n tan pocos como las constantes correcciones de t\\u00e9cnica. Conmigo lograr\\u00e1s el progreso a trav\\u00e9s de un proceso de aprendizaje natural. El objetivo es encontrar tu \\u201cswing\\u201d individual y as\\u00ed desarrollar la mejor t\\u00e9cnica adaptada a tus habilidades.<\\\/p>\",\"image\":\"\",\"title\":\"01\"}},{\"type\":\"grid_item\",\"props\":{\"content\":\"\n\n<h2 class=\\\"interstate_black_italic\\\"><em><strong>Entrenamiento mental<\\\/strong><\\\/em><\\\/h2>\\n\n\n<p>A trav\\u00e9s de varios m\\u00e9todos aprender\\u00e1s a dar lo mejor de ti en tenis. Visualizar golpes, regular emociones y concentrarse en la pelota son habilidades que te dar\\u00e1n una gran ventaja en momentos decisivos. Adem\\u00e1s, aprender\\u00e1s sobre la fina t\\u00e1ctica del tenis. Con conocimiento de plan de partidos, porcentajes de tenis y posiciones en la pista, aumentar\\u00e1s tus posibilidades de ganar partidos re\\u00f1idos.<\\\/p>\",\"image\":\"\",\"title\":\"02\"}},{\"type\":\"grid_item\",\"props\":{\"content\":\"\n\n<h2 class=\\\"interstate_black_italic\\\"><strong><em>Entrenamiento f\\u00edsico<\\\/em><\\\/strong><\\\/h2>\\n\n\n<p>Cuanto mejores sean tus habilidades f\\u00edsicas, m\\u00e1s se beneficiar\\u00e1 tu juego de tenis. El tenis es un deporte que involucra el cuerpo entero y los movimientos son extremadamente variados y exigentes. A trav\\u00e9s de ejercicios creativos te familiarizar\\u00e1s con los diversos tipos de movimiento en las pista y as\\u00ed mejorar\\u00e1s adicionalmente tu velocidad, agilidad, condici\\u00f3n y coordinaci\\u00f3n.<\\\/p>\",\"image\":\"\",\"title\":\"03\"}}]}]}]}],\"name\":\"meine drei S\\u00e4ulen\"},{\"type\":\"section\",\"props\":{\"image_position\":\"center-center\",\"style\":\"default\",\"title_breakpoint\":\"xl\",\"title_position\":\"top-left\",\"title_rotation\":\"left\",\"vertical_align\":\"middle\",\"width\":\"default\"},\"children\":[{\"type\":\"row\",\"children\":[{\"type\":\"column\",\"props\":{\"image_position\":\"center-center\",\"media_overlay_gradient\":\"\",\"position_sticky_breakpoint\":\"m\",\"width_medium\":\"1-1\"},\"children\":[]}]}]}],\"version\":\"3.0.18\",\"yooessentialsVersion\":\"1.8.14\"} --><\/p>\n","protected":false},"excerpt":{"rendered":"<p>John Lambrecht \u2013Tu instructor de tenis en Mallorca Me alegra que te interese el tenis. Te invito a la pista y d\u00e9jame ayudarte a conocer este fascinante deporte y que logres familiarizarte con todas sus facetas. Ya seas un principiante curioso, un deportista aficionado o un ambicioso jugador\/a de torneos, juntos podremos llevar tu juego [&hellip;]<\/p>\n","protected":false},"author":1,"featured_media":0,"parent":0,"menu_order":0,"comment_status":"closed","ping_status":"closed","template":"","meta":{"footnotes":""},"class_list":["post-1698","page","type-page","status-publish","hentry"],"yoast_head":"<!-- This site is optimized with the Yoast SEO plugin v27.4 - https:\/\/yoast.com\/product\/yoast-seo-wordpress\/ -->\n<title>John Lambrecht Professora de tenis Mallorca - Homepage<\/title>\n<meta name=\"description\" content=\"Su entrenador de tenis en Mallorca. Benef\u00edciese de a\u00f1os de experiencia al m\u00e1s alto nivel. Juntos mejoraremos tu tenis de forma &quot;l\u00fadica&quot;.\" \/>\n<meta name=\"robots\" content=\"index, follow, max-snippet:-1, max-image-preview:large, max-video-preview:-1\" \/>\n<link rel=\"canonical\" href=\"https:\/\/www.john-lambrecht.com\/es\/\" \/>\n<meta property=\"og:locale\" content=\"es_ES\" \/>\n<meta property=\"og:type\" content=\"article\" \/>\n<meta property=\"og:title\" content=\"John Lambrecht Professora de tenis Mallorca - Homepage\" \/>\n<meta property=\"og:description\" content=\"Su entrenador de tenis en Mallorca. Benef\u00edciese de a\u00f1os de experiencia al m\u00e1s alto nivel. Juntos mejoraremos tu tenis de forma &quot;l\u00fadica&quot;.\" \/>\n<meta property=\"og:url\" content=\"https:\/\/www.john-lambrecht.com\/es\/\" \/>\n<meta property=\"og:site_name\" content=\"JOHN LAMBRECHT\" \/>\n<meta property=\"article:publisher\" content=\"https:\/\/www.facebook.com\/TennisCoachMallorca\" \/>\n<meta property=\"article:modified_time\" content=\"2022-12-21T11:19:52+00:00\" \/>\n<meta name=\"twitter:card\" content=\"summary_large_image\" \/>\n<meta name=\"twitter:label1\" content=\"Tiempo de lectura\" \/>\n\t<meta name=\"twitter:data1\" content=\"5 minutos\" \/>\n<script type=\"application\/ld+json\" class=\"yoast-schema-graph\">{\"@context\":\"https:\\\/\\\/schema.org\",\"@graph\":[{\"@type\":\"WebPage\",\"@id\":\"https:\\\/\\\/www.john-lambrecht.com\\\/es\\\/\",\"url\":\"https:\\\/\\\/www.john-lambrecht.com\\\/es\\\/\",\"name\":\"John Lambrecht Professora de tenis Mallorca - Homepage\",\"isPartOf\":{\"@id\":\"https:\\\/\\\/www.john-lambrecht.com\\\/es\\\/#website\"},\"datePublished\":\"2019-12-17T11:10:51+00:00\",\"dateModified\":\"2022-12-21T11:19:52+00:00\",\"description\":\"Su entrenador de tenis en Mallorca. Benef\u00edciese de a\u00f1os de experiencia al m\u00e1s alto nivel. Juntos mejoraremos tu tenis de forma \\\"l\u00fadica\\\".\",\"breadcrumb\":{\"@id\":\"https:\\\/\\\/www.john-lambrecht.com\\\/es\\\/#breadcrumb\"},\"inLanguage\":\"es\",\"potentialAction\":[{\"@type\":\"ReadAction\",\"target\":[\"https:\\\/\\\/www.john-lambrecht.com\\\/es\\\/\"]}]},{\"@type\":\"BreadcrumbList\",\"@id\":\"https:\\\/\\\/www.john-lambrecht.com\\\/es\\\/#breadcrumb\",\"itemListElement\":[{\"@type\":\"ListItem\",\"position\":1,\"name\":\"Startseite\",\"item\":\"https:\\\/\\\/www.john-lambrecht.com\\\/es\\\/\"},{\"@type\":\"ListItem\",\"position\":2,\"name\":\"John Lambrecht Professora de tenis Mallorca &#8211; Homepage\"}]},{\"@type\":\"WebSite\",\"@id\":\"https:\\\/\\\/www.john-lambrecht.com\\\/es\\\/#website\",\"url\":\"https:\\\/\\\/www.john-lambrecht.com\\\/es\\\/\",\"name\":\"JOHN LAMBRECHT\",\"description\":\"Tennislehrer und Sport Mental Coach\",\"publisher\":{\"@id\":\"https:\\\/\\\/www.john-lambrecht.com\\\/es\\\/#organization\"},\"potentialAction\":[{\"@type\":\"SearchAction\",\"target\":{\"@type\":\"EntryPoint\",\"urlTemplate\":\"https:\\\/\\\/www.john-lambrecht.com\\\/es\\\/?s={search_term_string}\"},\"query-input\":{\"@type\":\"PropertyValueSpecification\",\"valueRequired\":true,\"valueName\":\"search_term_string\"}}],\"inLanguage\":\"es\"},{\"@type\":\"Organization\",\"@id\":\"https:\\\/\\\/www.john-lambrecht.com\\\/es\\\/#organization\",\"name\":\"John Lambrecht Tennis Coach Mallorca\",\"url\":\"https:\\\/\\\/www.john-lambrecht.com\\\/es\\\/\",\"logo\":{\"@type\":\"ImageObject\",\"inLanguage\":\"es\",\"@id\":\"https:\\\/\\\/www.john-lambrecht.com\\\/es\\\/#\\\/schema\\\/logo\\\/image\\\/\",\"url\":\"https:\\\/\\\/www.john-lambrecht.com\\\/wp-content\\\/uploads\\\/2020\\\/02\\\/apple-icon-180x180-1.png\",\"contentUrl\":\"https:\\\/\\\/www.john-lambrecht.com\\\/wp-content\\\/uploads\\\/2020\\\/02\\\/apple-icon-180x180-1.png\",\"width\":180,\"height\":180,\"caption\":\"John Lambrecht Tennis Coach Mallorca\"},\"image\":{\"@id\":\"https:\\\/\\\/www.john-lambrecht.com\\\/es\\\/#\\\/schema\\\/logo\\\/image\\\/\"},\"sameAs\":[\"https:\\\/\\\/www.facebook.com\\\/TennisCoachMallorca\",\"https:\\\/\\\/instagram.com\\\/tenniscoach_mallorca\"]}]}<\/script>\n<!-- \/ Yoast SEO plugin. -->","yoast_head_json":{"title":"John Lambrecht Professora de tenis Mallorca - Homepage","description":"Su entrenador de tenis en Mallorca. Benef\u00edciese de a\u00f1os de experiencia al m\u00e1s alto nivel. Juntos mejoraremos tu tenis de forma \"l\u00fadica\".","robots":{"index":"index","follow":"follow","max-snippet":"max-snippet:-1","max-image-preview":"max-image-preview:large","max-video-preview":"max-video-preview:-1"},"canonical":"https:\/\/www.john-lambrecht.com\/es\/","og_locale":"es_ES","og_type":"article","og_title":"John Lambrecht Professora de tenis Mallorca - Homepage","og_description":"Su entrenador de tenis en Mallorca. Benef\u00edciese de a\u00f1os de experiencia al m\u00e1s alto nivel. Juntos mejoraremos tu tenis de forma \"l\u00fadica\".","og_url":"https:\/\/www.john-lambrecht.com\/es\/","og_site_name":"JOHN LAMBRECHT","article_publisher":"https:\/\/www.facebook.com\/TennisCoachMallorca","article_modified_time":"2022-12-21T11:19:52+00:00","twitter_card":"summary_large_image","twitter_misc":{"Tiempo de lectura":"5 minutos"},"schema":{"@context":"https:\/\/schema.org","@graph":[{"@type":"WebPage","@id":"https:\/\/www.john-lambrecht.com\/es\/","url":"https:\/\/www.john-lambrecht.com\/es\/","name":"John Lambrecht Professora de tenis Mallorca - Homepage","isPartOf":{"@id":"https:\/\/www.john-lambrecht.com\/es\/#website"},"datePublished":"2019-12-17T11:10:51+00:00","dateModified":"2022-12-21T11:19:52+00:00","description":"Su entrenador de tenis en Mallorca. Benef\u00edciese de a\u00f1os de experiencia al m\u00e1s alto nivel. Juntos mejoraremos tu tenis de forma \"l\u00fadica\".","breadcrumb":{"@id":"https:\/\/www.john-lambrecht.com\/es\/#breadcrumb"},"inLanguage":"es","potentialAction":[{"@type":"ReadAction","target":["https:\/\/www.john-lambrecht.com\/es\/"]}]},{"@type":"BreadcrumbList","@id":"https:\/\/www.john-lambrecht.com\/es\/#breadcrumb","itemListElement":[{"@type":"ListItem","position":1,"name":"Startseite","item":"https:\/\/www.john-lambrecht.com\/es\/"},{"@type":"ListItem","position":2,"name":"John Lambrecht Professora de tenis Mallorca &#8211; Homepage"}]},{"@type":"WebSite","@id":"https:\/\/www.john-lambrecht.com\/es\/#website","url":"https:\/\/www.john-lambrecht.com\/es\/","name":"JOHN LAMBRECHT","description":"Tennislehrer und Sport Mental Coach","publisher":{"@id":"https:\/\/www.john-lambrecht.com\/es\/#organization"},"potentialAction":[{"@type":"SearchAction","target":{"@type":"EntryPoint","urlTemplate":"https:\/\/www.john-lambrecht.com\/es\/?s={search_term_string}"},"query-input":{"@type":"PropertyValueSpecification","valueRequired":true,"valueName":"search_term_string"}}],"inLanguage":"es"},{"@type":"Organization","@id":"https:\/\/www.john-lambrecht.com\/es\/#organization","name":"John Lambrecht Tennis Coach Mallorca","url":"https:\/\/www.john-lambrecht.com\/es\/","logo":{"@type":"ImageObject","inLanguage":"es","@id":"https:\/\/www.john-lambrecht.com\/es\/#\/schema\/logo\/image\/","url":"https:\/\/www.john-lambrecht.com\/wp-content\/uploads\/2020\/02\/apple-icon-180x180-1.png","contentUrl":"https:\/\/www.john-lambrecht.com\/wp-content\/uploads\/2020\/02\/apple-icon-180x180-1.png","width":180,"height":180,"caption":"John Lambrecht Tennis Coach Mallorca"},"image":{"@id":"https:\/\/www.john-lambrecht.com\/es\/#\/schema\/logo\/image\/"},"sameAs":["https:\/\/www.facebook.com\/TennisCoachMallorca","https:\/\/instagram.com\/tenniscoach_mallorca"]}]}},"_links":{"self":[{"href":"https:\/\/www.john-lambrecht.com\/es\/wp-json\/wp\/v2\/pages\/1698","targetHints":{"allow":["GET"]}}],"collection":[{"href":"https:\/\/www.john-lambrecht.com\/es\/wp-json\/wp\/v2\/pages"}],"about":[{"href":"https:\/\/www.john-lambrecht.com\/es\/wp-json\/wp\/v2\/types\/page"}],"author":[{"embeddable":true,"href":"https:\/\/www.john-lambrecht.com\/es\/wp-json\/wp\/v2\/users\/1"}],"replies":[{"embeddable":true,"href":"https:\/\/www.john-lambrecht.com\/es\/wp-json\/wp\/v2\/comments?post=1698"}],"version-history":[{"count":10,"href":"https:\/\/www.john-lambrecht.com\/es\/wp-json\/wp\/v2\/pages\/1698\/revisions"}],"predecessor-version":[{"id":2990,"href":"https:\/\/www.john-lambrecht.com\/es\/wp-json\/wp\/v2\/pages\/1698\/revisions\/2990"}],"wp:attachment":[{"href":"https:\/\/www.john-lambrecht.com\/es\/wp-json\/wp\/v2\/media?parent=1698"}],"curies":[{"name":"wp","href":"https:\/\/api.w.org\/{rel}","templated":true}]}}