{"id":2369,"date":"2022-07-26T15:31:20","date_gmt":"2022-07-26T13:31:20","guid":{"rendered":"https:\/\/www.john-lambrecht.com\/?page_id=2369"},"modified":"2023-02-24T15:23:13","modified_gmt":"2023-02-24T14:23:13","slug":"vacaciones-de-tenis","status":"publish","type":"page","link":"https:\/\/www.john-lambrecht.com\/es\/vacaciones-de-tenis\/","title":{"rendered":"Vacaciones de tenis"},"content":{"rendered":"<h1>Vacaciones de tenis en Mallorca<br \/>365 d\u00edas al a\u00f1o<\/h1>\n<table>\n<tbody>\n<tr>\n<td>\n<p>Ya sea un principiante curioso, un deportista aficionado desde hace mucho tiempo o un ambicioso jugador de torneos, yo le preparar\u00e9 <strong>las vacaciones individuales de tenis en Mallorca<\/strong> adecuadas para usted.<\/p>\n<p>Puedes entrenar conmigo en varias instalaciones. Entre otros, en <strong>Palma, Playa de Palma y Arenal<\/strong>. Todas las instalaciones cuentan con pistas de tenis de tierra batida.<\/p>\n<p>Tambi\u00e9n tienes la opci\u00f3n de reservar un entrenamiento de tenis conmigo en mi hotel asociado, el <strong>Grupotel Playa de Palma Suites &amp; Spa<\/strong>. El hotel cuenta con una amplia zona de spa y 2 pistas de tenis de hierba artificial. Las pistas de tenis de arena m\u00e1s cercanas est\u00e1n a 1,5 kil\u00f3metros.<\/p>\n<p>Adem\u00e1s de las instalaciones mencionadas, tambi\u00e9n ofrezco mis servicios de tenis en toda la isla. Hay muchas <strong>fincas preciosas en Mallorca con pistas de tenis privadas<\/strong> donde puede pasar unas vacaciones de tenis perfectas.<\/p>\n<p>La oferta es variada. Desde el entrenamiento individual hasta el de grupo, pasando por los viajes de equipo y los cursos de \u00abfuerza mental\u00bb, en un hotel de cuatro estrellas o en su propia finca con pista de tenis privada: todo es posible.<\/p>\n<p>No dude en ponerse en contacto conmigo y pase <strong>unas vacaciones de tenis inolvidables en la soleada isla de Mallorca &#8211; \u00a1los 365 d\u00edas del a\u00f1o!<\/strong><\/p>\n<\/td>\n<\/tr>\n<tr>\n<td><\/td>\n<\/tr>\n<\/tbody>\n<\/table>\n<h2>Entrenamiento en Palma de Mallorca, Espa\u00f1a<\/h2>\n<div>\n<p>Como entrenador de tenis, ense\u00f1o en la zona de Palma, Mallorca (Playa de Palma a Paguera). Tienes la posibilidad de entrenar conmigo en diferentes instalaciones. Podemos entrenar a cualquier hora, desde el amanecer hasta el atardecer. Ponte en contacto conmigo para que pueda ofrecerte la mejor soluci\u00f3n para tu entrenamiento de tenis en Mallorca.<\/p>\n<\/div>\n<p><img decoding=\"async\" src=\"\/wp-content\/uploads\/2020\/06\/john-lambrecht_kontakt_900x1103px.jpg\" alt=\"\"><\/p>\n<h3>M\u00e1s ofertas<\/h3>\n<ul>\n<li>\n<p>        <img decoding=\"async\" src=\"\/wp-content\/uploads\/2020\/06\/zennis-scaled2-scaled.jpg\" alt=\"Zennis\"><\/p>\n<h3>Zennis<\/h3>\n<p><a href=\"\/es\/zennis\/\"><\/a><\/p>\n<\/li>\n<li>\n<p>        <img decoding=\"async\" src=\"\/wp-content\/uploads\/2020\/09\/Mental-Tipp-Fokus-auf-den-Ball-scaled.jpg\" alt=\"Fuerza Mental\"><\/p>\n<h3>Entrenamiento mental<\/h3>\n<p><a href=\"\/es\/fuerza-mental\/\"><\/a><\/p>\n<\/li>\n<li>\n<p>        <img decoding=\"async\" src=\"\/wp-content\/uploads\/2020\/08\/john-lambrecht_street-racket-03_2000x1600px-1.jpg\" alt=\"\"><\/p>\n<h3>Street Racket<\/h3>\n<p><a href=\"\/es\/vacaciones-de-tenis\/\"><\/a><\/p>\n<\/li>\n<li>\n<p>        <img decoding=\"async\" src=\"\/wp-content\/uploads\/2020\/02\/john-lambrecht_kontakt_1600x2000px.jpg\" alt=\"\"><\/p>\n<h3>Entrenamiento de tenis<\/h3>\n<p><a href=\"\/es\/entrenamiento-de-tenis\/\"><\/a><\/p>\n<\/li>\n<\/ul>\n<p><!--more--><br \/>\n<!-- {\"name\":\"DE Tennisurlaub neu\",\"type\":\"layout\",\"children\":[{\"type\":\"section\",\"props\":{\"css\":\".uk-text-danger {\\n    color: red!important;\\n}\\n.el-section\\n::placeholder { \\\/* Chrome, Firefox, Opera, Safari 10.1+ *\\\/\\n  color: #081f2d;\\n  opacity: 1; \\\/* Firefox *\\\/\\n}\\n\\n:-ms-input-placeholder { \\\/* Internet Explorer 10-11 *\\\/\\n  color: #081f2d;\\n}\\n\\n::-ms-input-placeholder { \\\/* Microsoft Edge *\\\/\\n  color: #081f2d;\\n}\",\"height\":\"full\",\"image_position\":\"center-center\",\"padding_remove_bottom\":false,\"padding_remove_top\":false,\"style\":\"default\",\"title_breakpoint\":\"xl\",\"title_position\":\"top-left\",\"title_rotation\":\"left\",\"vertical_align\":\"\",\"width\":\"\",\"width_expand\":\"left\"},\"children\":[{\"type\":\"row\",\"props\":{\"column_gap\":\"large\",\"id\":\"advanced\",\"layout\":\"1-2,1-2\",\"margin\":\"remove-vertical\",\"match\":false,\"row_gap\":\"collapse\",\"width_expand\":\"left\"},\"children\":[{\"type\":\"column\",\"props\":{\"css\":\".el-column { min-height: 350px; }\",\"image\":\"wp-content\\\/uploads\\\/2020\\\/02\\\/john-lambrecht_angebote_preise_1600x2000px.jpg\",\"image_loading\":true,\"image_position\":\"center-center\",\"image_size\":\"cover\",\"image_width\":\"1280\",\"media_overlay_gradient\":\"\",\"position_sticky_breakpoint\":\"m\",\"style\":\"default\",\"vertical_align\":\"middle\",\"width_medium\":\"1-2\"},\"children\":[]},{\"type\":\"column\",\"props\":{\"css\":\".el-column { min-height: 350px;}\",\"image\":\"\",\"image_position\":\"center-center\",\"image_size\":\"cover\",\"image_width\":\"1280\",\"media_overlay_gradient\":\"\",\"position_sticky_breakpoint\":\"m\",\"style\":\"default\",\"width_medium\":\"1-2\",\"yooessentials_form\":{\"state\":true,\"after_submit_actions\":[{\"type\":\"email\",\"props\":{\"html\":true,\"attachments\":[null],\"submitted_attachments\":[null],\"body\":\"\n\n<p>Neue Anfrage:<\\\/p>\\n\n\n<p>Ich interessiere mich f\\u00fcr: {Interesse}<\\\/p>\\n\n\n<p>Vorname: {Vorname}<\\\/p>\\n\n\n<p>Nachname: {Nachname}<\\\/p>\\n\n\n<p>Email: {email}<\\\/p>\\n\n\n<p>Telefon: {Telefon}<\\\/p>\\n\n\n<p>Nachricht: {Nachricht}<\\\/p>\\n\n\n<p>Datenschutz: {Datenschutz}<\\\/p>\",\"subject\":\"Kontaktanfrage Tennisurlaub\",\"recipients\":\"mail@john-lambrecht.com\"},\"id\":\"621f6aceae6c4\"},{\"type\":\"redirect\",\"props\":{\"redirect\":\"danke-tennisurlaub\\\/\"},\"id\":\"621f6c3a979bf\"}],\"html5validation\":true,\"override_action_url\":false,\"action_method\":\"POST\"}},\"children\":[{\"type\":\"headline\",\"props\":{\"animation\":\"none\",\"class\":\"interstate_black_italic\",\"content\":\"Vacaciones de tenis en Mallorca<br \\\/>365 d\\u00edas al a\\u00f1o\",\"margin\":\"medium\",\"margin_remove_top\":false,\"maxwidth\":\"large\",\"title_element\":\"h1\",\"title_style\":\"h2\"}},{\"type\":\"table\",\"props\":{\"image_svg_color\":\"emphasis\",\"image_svg_inline\":true,\"link_style\":\"default\",\"link_text\":\"Read more\",\"margin\":\"medium\",\"maxwidth\":\"large\",\"meta_style\":\"\",\"show_content\":true,\"show_image\":true,\"show_link\":true,\"show_meta\":true,\"show_title\":true,\"table_hover\":false,\"table_justify\":true,\"table_last_align\":\"\",\"table_order\":\"2\",\"table_responsive\":\"overflow\",\"table_size\":\"\",\"table_style\":\"\",\"table_vertical_align\":false,\"table_width_content\":\"\",\"table_width_meta\":\"shrink\",\"table_width_title\":\"shrink\",\"title_style\":\"h6\"},\"children\":[{\"type\":\"table_item\",\"props\":{\"content\":\"\n\n<p>Ya sea un principiante curioso, un deportista aficionado desde hace mucho tiempo o un ambicioso jugador de torneos, yo le preparar\\u00e9 <strong>las vacaciones individuales de tenis en Mallorca<\\\/strong> adecuadas para usted.<\\\/p>\\n\n\n<p>Puedes entrenar conmigo en varias instalaciones. Entre otros, en <strong>Palma, Playa de Palma y Arenal<\\\/strong>. Todas las instalaciones cuentan con pistas de tenis de tierra batida.<\\\/p>\\n\n\n<p>Tambi\\u00e9n tienes la opci\\u00f3n de reservar un entrenamiento de tenis conmigo en mi hotel asociado, el <strong>Grupotel Playa de Palma Suites &amp; Spa<\\\/strong>. El hotel cuenta con una amplia zona de spa y 2 pistas de tenis de hierba artificial. Las pistas de tenis de arena m\\u00e1s cercanas est\\u00e1n a 1,5 kil\\u00f3metros.<\\\/p>\\n\n\n<p>Adem\\u00e1s de las instalaciones mencionadas, tambi\\u00e9n ofrezco mis servicios de tenis en toda la isla. Hay muchas <strong>fincas preciosas en Mallorca con pistas de tenis privadas<\\\/strong> donde puede pasar unas vacaciones de tenis perfectas.<\\\/p>\\n\n\n<p>La oferta es variada. Desde el entrenamiento individual hasta el de grupo, pasando por los viajes de equipo y los cursos de \\\"fuerza mental\\\", en un hotel de cuatro estrellas o en su propia finca con pista de tenis privada: todo es posible.<\\\/p>\\n\n\n<p>No dude en ponerse en contacto conmigo y pase <strong>unas vacaciones de tenis inolvidables en la soleada isla de Mallorca - \\u00a1los 365 d\\u00edas del a\\u00f1o!<\\\/strong><\\\/p>\",\"image\":\"\",\"meta\":\"\",\"title\":\"\"}},{\"type\":\"table_item\",\"props\":{\"content\":\"\"}}]},{\"type\":\"yooessentials_form_fieldset\",\"props\":{\"fields_show_label\":true,\"layout\":\"stacked\",\"margin\":\"large\",\"margin_remove_bottom\":true,\"maxwidth\":\"large\",\"text_align\":\"left\"},\"children\":[{\"type\":\"yooessentials_form_checkbox\",\"props\":{\"control_error_message\":\"Este es un campo obligatorio\",\"control_id_inherit\":true,\"control_label\":\"ESTOY INTERESADO EN\",\"control_layout\":\"vertical\",\"control_name\":\"Interesse\",\"control_required\":true,\"margin\":\"default\"},\"children\":[{\"type\":\"yooessentials_form_option\",\"props\":{\"disabled\":false,\"value\":\"Vacaciones de tenis\"}},{\"type\":\"yooessentials_form_option\",\"props\":{\"disabled\":false,\"value\":\"Entrenamiento de tenis\"}},{\"type\":\"yooessentials_form_option\",\"props\":{\"disabled\":false,\"value\":\"Entrenamiento mental\"}},{\"type\":\"yooessentials_form_option\",\"props\":{\"disabled\":false,\"value\":\"Zennis\"}}]},{\"type\":\"yooessentials_form_input\",\"props\":{\"control_icon_align\":\"left\",\"grid_column_gap\":\"small\",\"grid_columns_number\":\"auto\",\"grid_row_gap\":\"small\",\"margin\":\"default\",\"show_icon\":true,\"show_label\":true},\"children\":[{\"type\":\"yooessentials_form_input_text\",\"props\":{\"control_error_message\":\"Dies ist ein Pflichtfeld\",\"control_id_inherit\":true,\"control_name\":\"Vorname\",\"control_placeholder\":\"Primer nombre*\",\"control_required\":true,\"control_value\":\"\"}},{\"type\":\"yooessentials_form_input_text\",\"props\":{\"control_error_message\":\"Dies ist ein Pflichtfeld\",\"control_id_inherit\":true,\"control_name\":\"Nachname\",\"control_placeholder\":\"Apellido\\\/s*\",\"control_required\":true,\"control_value\":\"\"}},{\"type\":\"yooessentials_form_input_email\",\"props\":{\"control_error_message\":\"Dies ist ein Pflichtfeld\",\"control_id_inherit\":true,\"control_name\":\"email\",\"control_placeholder\":\"Correo electr\\u00f3nico*\",\"control_required\":true,\"control_value\":\"\"}},{\"type\":\"yooessentials_form_input_tel\",\"props\":{\"control_id_inherit\":true,\"control_name\":\"Telefon\",\"control_placeholder\":\"Tel\\u00e9fono\",\"control_value\":\"\"}}]},{\"type\":\"yooessentials_form_textarea\",\"props\":{\"control_id_inherit\":true,\"control_name\":\"Nachricht\",\"control_placeholder\":\"Mensaje\",\"control_rows\":5,\"control_size\":\"\",\"control_value\":\"\",\"control_width\":\"\",\"margin\":\"default\"}},{\"type\":\"yooessentials_form_checkbox\",\"props\":{\"control_error_message\":\"Acepte la pol\\u00edtica de privacidad\",\"control_id_inherit\":true,\"control_layout\":\"vertical\",\"control_name\":\"Datenschutz\",\"control_required\":true,\"margin\":\"default\"},\"children\":[{\"type\":\"yooessentials_form_option\",\"props\":{\"disabled\":false,\"text\":\"\n\n<p>Acepto el tratamiento de mis datos de acuerdo con la <a href=\\\"https:\\\/\\\/www.john-lambrecht.com\\\/es\\\/datenschutzerklaerung\\\/\\\">pol\\u00edtica de privacidad<\\\/a>*.<\\\/p>\",\"value\":\"einverstanden\"}}]}]},{\"type\":\"yooessentials_form_frcaptcha\",\"props\":{\"control_endpoint\":\"eu\",\"control_secret_key\":\"A1EGALP969VR8162QRQ8NH0DA1RG52FN26M84CGCF8JDRFEBG2TIIEMS2Q\",\"control_site_key\":\"FCMHKL0BB9AOGAJ8\"},\"name\":\"Friendly Captcha\"},{\"type\":\"yooessentials_form_button\",\"props\":{\"button_size\":\"large\",\"grid_column_gap\":\"small\",\"grid_row_gap\":\"small\",\"margin\":\"medium\",\"margin_remove_top\":false,\"maxwidth\":\"large\"},\"children\":[{\"type\":\"yooessentials_form_button_item\",\"props\":{\"button_style\":\"default\",\"content\":\"Enviar Mensaje\",\"icon_align\":\"left\"}}]}],\"formid\":\"7a7b6cbd\"}]}],\"name\":\"links bild bis zum rand\"},{\"type\":\"section\",\"props\":{\"header_transparent\":\"light\",\"header_transparent_noplaceholder\":false,\"height\":\"full\",\"image\":\"wp-content\\\/uploads\\\/2020\\\/01\\\/exclusive-trainer_kontakt_1920x1080px.jpg\",\"image_effect\":\"parallax\",\"image_parallax_bgy\":\"5vh,-5vh\",\"image_parallax_breakpoint\":\"s\",\"image_parallax_easing\":\"1\",\"image_position\":\"center-center\",\"image_size\":\"cover\",\"image_width\":\"2560\",\"style\":\"default\",\"title_breakpoint\":\"xl\",\"title_position\":\"top-left\",\"title_rotation\":\"left\",\"vertical_align\":\"middle\",\"width\":\"xlarge\"},\"children\":[{\"type\":\"row\",\"props\":{\"column_gap\":\"collapse\",\"layout\":\"1-2,1-2\",\"row_gap\":\"collapse\",\"width\":\"small\"},\"children\":[{\"type\":\"column\",\"props\":{\"image_position\":\"center-center\",\"media_overlay_gradient\":\"\",\"padding\":\"small\",\"position_sticky_breakpoint\":\"m\",\"style\":\"default\",\"vertical_align\":\"middle\",\"width_medium\":\"1-2\"},\"children\":[{\"type\":\"headline\",\"props\":{\"block_align\":\"center\",\"class\":\"interstate_black_italic\",\"content\":\"Entrenamiento en Palma de Mallorca, Espa\\u00f1a\",\"margin\":\"medium\",\"margin_remove_bottom\":false,\"margin_remove_top\":true,\"maxwidth\":\"medium\",\"title_element\":\"h2\"}},{\"type\":\"text\",\"props\":{\"block_align\":\"center\",\"column_breakpoint\":\"m\",\"content\":\"\n\n<p>Como entrenador de tenis, ense\\u00f1o en la zona de Palma, Mallorca (Playa de Palma a Paguera). Tienes la posibilidad de entrenar conmigo en diferentes instalaciones. Podemos entrenar a cualquier hora, desde el amanecer hasta el atardecer. Ponte en contacto conmigo para que pueda ofrecerte la mejor soluci\\u00f3n para tu entrenamiento de tenis en Mallorca.<\\\/p>\",\"margin\":\"default\",\"margin_remove_bottom\":true,\"margin_remove_top\":true,\"maxwidth\":\"medium\"}}]},{\"type\":\"column\",\"props\":{\"image_position\":\"center-center\",\"media_overlay_gradient\":\"\",\"padding\":\"none\",\"position_sticky_breakpoint\":\"m\",\"style\":\"default\",\"width_medium\":\"1-2\"},\"children\":[{\"type\":\"image\",\"props\":{\"container_padding_remove\":true,\"image\":\"wp-content\\\/uploads\\\/2020\\\/06\\\/john-lambrecht_kontakt_900x1103px.jpg\",\"image_height\":\"100%\",\"image_svg_color\":\"emphasis\",\"margin\":\"default\",\"margin_remove_bottom\":false,\"margin_remove_top\":false}}]}]}],\"name\":\"ES John Lambrecht\"},{\"type\":\"section\",\"props\":{\"image_position\":\"center-center\",\"style\":\"default\",\"title_breakpoint\":\"xl\",\"title_position\":\"top-left\",\"title_rotation\":\"left\",\"vertical_align\":\"middle\",\"width\":\"\"},\"children\":[{\"type\":\"row\",\"children\":[{\"type\":\"column\",\"props\":{\"image_position\":\"center-center\",\"media_overlay_gradient\":\"\",\"position_sticky_breakpoint\":\"m\"},\"children\":[{\"type\":\"headline\",\"props\":{\"content\":\"M\\u00e1s ofertas\",\"text_align\":\"center\",\"title_element\":\"h3\",\"title_style\":\"h6\"}},{\"type\":\"overlay-slider\",\"props\":{\"image_height\":\"400\",\"image_width\":\"550\",\"link_style\":\"default\",\"link_text\":\"\",\"margin\":\"default\",\"meta_align\":\"below-title\",\"meta_element\":\"div\",\"meta_style\":\"text-meta\",\"nav\":\"dotnav\",\"nav_align\":\"center\",\"nav_breakpoint\":\"s\",\"overlay_link\":true,\"overlay_maxwidth\":\"large\",\"overlay_mode\":\"caption\",\"overlay_position\":\"bottom-center\",\"overlay_style\":\"tile-secondary\",\"overlay_transition\":\"fade\",\"show_content\":true,\"show_hover_image\":true,\"show_link\":true,\"show_meta\":true,\"show_title\":true,\"slidenav\":\"default\",\"slidenav_breakpoint\":\"\",\"slidenav_color\":\"light\",\"slidenav_large\":true,\"slidenav_margin\":\"large\",\"slidenav_outside_breakpoint\":\"xl\",\"slider_autoplay_pause\":true,\"slider_gap\":\"small\",\"slider_width\":\"fixed\",\"slider_width_default\":\"1-1\",\"slider_width_medium\":\"1-3\",\"text_align\":\"center\",\"text_color\":\"light\",\"title_element\":\"h3\",\"title_hover_style\":\"reset\",\"title_style\":\"h5\"},\"children\":[{\"type\":\"overlay-slider_item\",\"props\":{\"image\":\"wp-content\\\/uploads\\\/2020\\\/06\\\/zennis-scaled2-scaled.jpg\",\"image_alt\":\"Zennis\",\"link\":\"es\\\/zennis\\\/\",\"link_text\":\"\",\"title\":\"Zennis\"}},{\"type\":\"overlay-slider_item\",\"props\":{\"image\":\"wp-content\\\/uploads\\\/2020\\\/09\\\/Mental-Tipp-Fokus-auf-den-Ball-scaled.jpg\",\"image_alt\":\"Fuerza Mental\",\"link\":\"es\\\/fuerza-mental\\\/\",\"link_text\":\"\",\"title\":\"Entrenamiento mental\"}},{\"type\":\"overlay-slider_item\",\"props\":{\"image\":\"wp-content\\\/uploads\\\/2020\\\/08\\\/john-lambrecht_street-racket-03_2000x1600px-1.jpg\",\"image_alt\":\"\",\"link\":\"es\\\/vacaciones-de-tenis\\\/\",\"link_text\":\"\",\"title\":\"Street Racket\"}},{\"type\":\"overlay-slider_item\",\"props\":{\"image\":\"wp-content\\\/uploads\\\/2020\\\/02\\\/john-lambrecht_kontakt_1600x2000px.jpg\",\"image_alt\":\"\",\"link\":\"es\\\/entrenamiento-de-tenis\\\/\",\"link_text\":\"\",\"title\":\"Entrenamiento de tenis\"}}]}]}]}],\"name\":\"ES Mas Ofertas\"}],\"version\":\"3.0.21\",\"yooessentialsVersion\":\"1.9.3\"} --><\/p>\n","protected":false},"excerpt":{"rendered":"<p>Vacaciones de tenis en Mallorca365 d\u00edas al a\u00f1o Ya sea un principiante curioso, un deportista aficionado desde hace mucho tiempo o un ambicioso jugador de torneos, yo le preparar\u00e9 las vacaciones individuales de tenis en Mallorca adecuadas para usted. Puedes entrenar conmigo en varias instalaciones. Entre otros, en Palma, Playa de Palma y Arenal. Todas [&hellip;]<\/p>\n","protected":false},"author":1,"featured_media":0,"parent":0,"menu_order":0,"comment_status":"closed","ping_status":"closed","template":"","meta":{"footnotes":""},"class_list":["post-2369","page","type-page","status-publish","hentry"],"yoast_head":"<!-- This site is optimized with the Yoast SEO plugin v27.6 - https:\/\/yoast.com\/product\/yoast-seo-wordpress\/ -->\n<title>Vacaciones de tenis en Mallorca | JOHN LAMBRECHT<\/title>\n<meta name=\"description\" content=\"Hay muchas fincas preciosas en Mallorca con pistas de tenis privadas donde puede pasar unas vacaciones de tenis perfectas.\" \/>\n<meta name=\"robots\" content=\"index, follow, max-snippet:-1, max-image-preview:large, max-video-preview:-1\" \/>\n<link rel=\"canonical\" href=\"https:\/\/www.john-lambrecht.com\/es\/vacaciones-de-tenis\/\" \/>\n<meta property=\"og:locale\" content=\"es_ES\" \/>\n<meta property=\"og:type\" content=\"article\" \/>\n<meta property=\"og:title\" content=\"Vacaciones de tenis en Mallorca | JOHN LAMBRECHT\" \/>\n<meta property=\"og:description\" content=\"Hay muchas fincas preciosas en Mallorca con pistas de tenis privadas donde puede pasar unas vacaciones de tenis perfectas.\" \/>\n<meta property=\"og:url\" content=\"https:\/\/www.john-lambrecht.com\/es\/vacaciones-de-tenis\/\" \/>\n<meta property=\"og:site_name\" content=\"JOHN LAMBRECHT\" \/>\n<meta property=\"article:publisher\" content=\"https:\/\/www.facebook.com\/TennisCoachMallorca\" \/>\n<meta property=\"article:modified_time\" content=\"2023-02-24T14:23:13+00:00\" \/>\n<meta name=\"twitter:card\" content=\"summary_large_image\" \/>\n<meta name=\"twitter:label1\" content=\"Tiempo de lectura\" \/>\n\t<meta name=\"twitter:data1\" content=\"5 minutos\" \/>\n<script type=\"application\/ld+json\" class=\"yoast-schema-graph\">{\"@context\":\"https:\\\/\\\/schema.org\",\"@graph\":[{\"@type\":\"WebPage\",\"@id\":\"https:\\\/\\\/www.john-lambrecht.com\\\/es\\\/vacaciones-de-tenis\\\/\",\"url\":\"https:\\\/\\\/www.john-lambrecht.com\\\/es\\\/vacaciones-de-tenis\\\/\",\"name\":\"Vacaciones de tenis en Mallorca | JOHN LAMBRECHT\",\"isPartOf\":{\"@id\":\"https:\\\/\\\/www.john-lambrecht.com\\\/es\\\/#website\"},\"datePublished\":\"2022-07-26T13:31:20+00:00\",\"dateModified\":\"2023-02-24T14:23:13+00:00\",\"description\":\"Hay muchas fincas preciosas en Mallorca con pistas de tenis privadas donde puede pasar unas vacaciones de tenis perfectas.\",\"breadcrumb\":{\"@id\":\"https:\\\/\\\/www.john-lambrecht.com\\\/es\\\/vacaciones-de-tenis\\\/#breadcrumb\"},\"inLanguage\":\"es\",\"potentialAction\":[{\"@type\":\"ReadAction\",\"target\":[\"https:\\\/\\\/www.john-lambrecht.com\\\/es\\\/vacaciones-de-tenis\\\/\"]}]},{\"@type\":\"BreadcrumbList\",\"@id\":\"https:\\\/\\\/www.john-lambrecht.com\\\/es\\\/vacaciones-de-tenis\\\/#breadcrumb\",\"itemListElement\":[{\"@type\":\"ListItem\",\"position\":1,\"name\":\"Startseite\",\"item\":\"https:\\\/\\\/www.john-lambrecht.com\\\/es\\\/\"},{\"@type\":\"ListItem\",\"position\":2,\"name\":\"Vacaciones de tenis\"}]},{\"@type\":\"WebSite\",\"@id\":\"https:\\\/\\\/www.john-lambrecht.com\\\/es\\\/#website\",\"url\":\"https:\\\/\\\/www.john-lambrecht.com\\\/es\\\/\",\"name\":\"JOHN LAMBRECHT\",\"description\":\"Tennislehrer und Sport Mental Coach\",\"publisher\":{\"@id\":\"https:\\\/\\\/www.john-lambrecht.com\\\/es\\\/#organization\"},\"potentialAction\":[{\"@type\":\"SearchAction\",\"target\":{\"@type\":\"EntryPoint\",\"urlTemplate\":\"https:\\\/\\\/www.john-lambrecht.com\\\/es\\\/?s={search_term_string}\"},\"query-input\":{\"@type\":\"PropertyValueSpecification\",\"valueRequired\":true,\"valueName\":\"search_term_string\"}}],\"inLanguage\":\"es\"},{\"@type\":\"Organization\",\"@id\":\"https:\\\/\\\/www.john-lambrecht.com\\\/es\\\/#organization\",\"name\":\"John Lambrecht Tennis Coach Mallorca\",\"url\":\"https:\\\/\\\/www.john-lambrecht.com\\\/es\\\/\",\"logo\":{\"@type\":\"ImageObject\",\"inLanguage\":\"es\",\"@id\":\"https:\\\/\\\/www.john-lambrecht.com\\\/es\\\/#\\\/schema\\\/logo\\\/image\\\/\",\"url\":\"https:\\\/\\\/www.john-lambrecht.com\\\/wp-content\\\/uploads\\\/2020\\\/02\\\/apple-icon-180x180-1.png\",\"contentUrl\":\"https:\\\/\\\/www.john-lambrecht.com\\\/wp-content\\\/uploads\\\/2020\\\/02\\\/apple-icon-180x180-1.png\",\"width\":180,\"height\":180,\"caption\":\"John Lambrecht Tennis Coach Mallorca\"},\"image\":{\"@id\":\"https:\\\/\\\/www.john-lambrecht.com\\\/es\\\/#\\\/schema\\\/logo\\\/image\\\/\"},\"sameAs\":[\"https:\\\/\\\/www.facebook.com\\\/TennisCoachMallorca\",\"https:\\\/\\\/instagram.com\\\/tenniscoach_mallorca\"]}]}<\/script>\n<!-- \/ Yoast SEO plugin. -->","yoast_head_json":{"title":"Vacaciones de tenis en Mallorca | JOHN LAMBRECHT","description":"Hay muchas fincas preciosas en Mallorca con pistas de tenis privadas donde puede pasar unas vacaciones de tenis perfectas.","robots":{"index":"index","follow":"follow","max-snippet":"max-snippet:-1","max-image-preview":"max-image-preview:large","max-video-preview":"max-video-preview:-1"},"canonical":"https:\/\/www.john-lambrecht.com\/es\/vacaciones-de-tenis\/","og_locale":"es_ES","og_type":"article","og_title":"Vacaciones de tenis en Mallorca | JOHN LAMBRECHT","og_description":"Hay muchas fincas preciosas en Mallorca con pistas de tenis privadas donde puede pasar unas vacaciones de tenis perfectas.","og_url":"https:\/\/www.john-lambrecht.com\/es\/vacaciones-de-tenis\/","og_site_name":"JOHN LAMBRECHT","article_publisher":"https:\/\/www.facebook.com\/TennisCoachMallorca","article_modified_time":"2023-02-24T14:23:13+00:00","twitter_card":"summary_large_image","twitter_misc":{"Tiempo de lectura":"5 minutos"},"schema":{"@context":"https:\/\/schema.org","@graph":[{"@type":"WebPage","@id":"https:\/\/www.john-lambrecht.com\/es\/vacaciones-de-tenis\/","url":"https:\/\/www.john-lambrecht.com\/es\/vacaciones-de-tenis\/","name":"Vacaciones de tenis en Mallorca | JOHN LAMBRECHT","isPartOf":{"@id":"https:\/\/www.john-lambrecht.com\/es\/#website"},"datePublished":"2022-07-26T13:31:20+00:00","dateModified":"2023-02-24T14:23:13+00:00","description":"Hay muchas fincas preciosas en Mallorca con pistas de tenis privadas donde puede pasar unas vacaciones de tenis perfectas.","breadcrumb":{"@id":"https:\/\/www.john-lambrecht.com\/es\/vacaciones-de-tenis\/#breadcrumb"},"inLanguage":"es","potentialAction":[{"@type":"ReadAction","target":["https:\/\/www.john-lambrecht.com\/es\/vacaciones-de-tenis\/"]}]},{"@type":"BreadcrumbList","@id":"https:\/\/www.john-lambrecht.com\/es\/vacaciones-de-tenis\/#breadcrumb","itemListElement":[{"@type":"ListItem","position":1,"name":"Startseite","item":"https:\/\/www.john-lambrecht.com\/es\/"},{"@type":"ListItem","position":2,"name":"Vacaciones de tenis"}]},{"@type":"WebSite","@id":"https:\/\/www.john-lambrecht.com\/es\/#website","url":"https:\/\/www.john-lambrecht.com\/es\/","name":"JOHN LAMBRECHT","description":"Tennislehrer und Sport Mental Coach","publisher":{"@id":"https:\/\/www.john-lambrecht.com\/es\/#organization"},"potentialAction":[{"@type":"SearchAction","target":{"@type":"EntryPoint","urlTemplate":"https:\/\/www.john-lambrecht.com\/es\/?s={search_term_string}"},"query-input":{"@type":"PropertyValueSpecification","valueRequired":true,"valueName":"search_term_string"}}],"inLanguage":"es"},{"@type":"Organization","@id":"https:\/\/www.john-lambrecht.com\/es\/#organization","name":"John Lambrecht Tennis Coach Mallorca","url":"https:\/\/www.john-lambrecht.com\/es\/","logo":{"@type":"ImageObject","inLanguage":"es","@id":"https:\/\/www.john-lambrecht.com\/es\/#\/schema\/logo\/image\/","url":"https:\/\/www.john-lambrecht.com\/wp-content\/uploads\/2020\/02\/apple-icon-180x180-1.png","contentUrl":"https:\/\/www.john-lambrecht.com\/wp-content\/uploads\/2020\/02\/apple-icon-180x180-1.png","width":180,"height":180,"caption":"John Lambrecht Tennis Coach Mallorca"},"image":{"@id":"https:\/\/www.john-lambrecht.com\/es\/#\/schema\/logo\/image\/"},"sameAs":["https:\/\/www.facebook.com\/TennisCoachMallorca","https:\/\/instagram.com\/tenniscoach_mallorca"]}]}},"_links":{"self":[{"href":"https:\/\/www.john-lambrecht.com\/es\/wp-json\/wp\/v2\/pages\/2369","targetHints":{"allow":["GET"]}}],"collection":[{"href":"https:\/\/www.john-lambrecht.com\/es\/wp-json\/wp\/v2\/pages"}],"about":[{"href":"https:\/\/www.john-lambrecht.com\/es\/wp-json\/wp\/v2\/types\/page"}],"author":[{"embeddable":true,"href":"https:\/\/www.john-lambrecht.com\/es\/wp-json\/wp\/v2\/users\/1"}],"replies":[{"embeddable":true,"href":"https:\/\/www.john-lambrecht.com\/es\/wp-json\/wp\/v2\/comments?post=2369"}],"version-history":[{"count":12,"href":"https:\/\/www.john-lambrecht.com\/es\/wp-json\/wp\/v2\/pages\/2369\/revisions"}],"predecessor-version":[{"id":3086,"href":"https:\/\/www.john-lambrecht.com\/es\/wp-json\/wp\/v2\/pages\/2369\/revisions\/3086"}],"wp:attachment":[{"href":"https:\/\/www.john-lambrecht.com\/es\/wp-json\/wp\/v2\/media?parent=2369"}],"curies":[{"name":"wp","href":"https:\/\/api.w.org\/{rel}","templated":true}]}}